{"id":114,"date":"2018-12-21T06:28:51","date_gmt":"2018-12-21T06:28:51","guid":{"rendered":"https:\/\/websitedemos.net\/recipe-blog-07\/?page_id=9"},"modified":"2024-04-10T16:07:59","modified_gmt":"2024-04-10T21:07:59","slug":"blog","status":"publish","type":"page","link":"https:\/\/alexrahirant.co\/en\/blog\/","title":{"rendered":"Blog"},"content":{"rendered":"<div data-elementor-type=\"wp-page\" data-elementor-id=\"114\" class=\"elementor elementor-114\" data-elementor-settings=\"{&quot;ha_cmc_init_switcher&quot;:&quot;no&quot;}\" data-elementor-post-type=\"page\">\n\t\t\t\t\t\t<section class=\"elementor-section elementor-top-section elementor-element elementor-element-5c042c2f elementor-section-boxed elementor-section-height-default elementor-section-height-default\" data-id=\"5c042c2f\" data-element_type=\"section\" data-settings=\"{&quot;background_background&quot;:&quot;classic&quot;,&quot;_ha_eqh_enable&quot;:false}\">\n\t\t\t\t\t\t\t<div class=\"elementor-background-overlay\"><\/div>\n\t\t\t\t\t\t\t<div class=\"elementor-container elementor-column-gap-default\">\n\t\t\t\t\t<div class=\"elementor-column elementor-col-100 elementor-top-column elementor-element elementor-element-6da16af9\" data-id=\"6da16af9\" data-element_type=\"column\">\n\t\t\t<div class=\"elementor-widget-wrap elementor-element-populated\">\n\t\t\t\t\t\t<div class=\"elementor-element elementor-element-24a441c3 elementor-widget elementor-widget-heading\" data-id=\"24a441c3\" data-element_type=\"widget\" data-widget_type=\"heading.default\">\n\t\t\t\t<div class=\"elementor-widget-container\">\n\t\t\t\t\t<h1 class=\"elementor-heading-title elementor-size-default\">Blog Personal<\/h1>\t\t\t\t<\/div>\n\t\t\t\t<\/div>\n\t\t\t\t\t<\/div>\n\t\t<\/div>\n\t\t\t\t\t<\/div>\n\t\t<\/section>\n\t\t\t\t<section class=\"elementor-section elementor-top-section elementor-element elementor-element-6565c507 elementor-section-boxed elementor-section-height-default elementor-section-height-default\" data-id=\"6565c507\" data-element_type=\"section\" data-settings=\"{&quot;_ha_eqh_enable&quot;:false}\">\n\t\t\t\t\t\t<div class=\"elementor-container elementor-column-gap-default\">\n\t\t\t\t\t<div class=\"elementor-column elementor-col-100 elementor-top-column elementor-element elementor-element-5c8c5221\" data-id=\"5c8c5221\" data-element_type=\"column\" data-settings=\"{&quot;background_background&quot;:&quot;classic&quot;}\">\n\t\t\t<div class=\"elementor-widget-wrap elementor-element-populated\">\n\t\t\t\t\t\t<div class=\"elementor-element elementor-element-8641b12 elementor-widget elementor-widget-ha-post-list happy-addon ha-post-list\" data-id=\"8641b12\" data-element_type=\"widget\" data-widget_type=\"ha-post-list.default\">\n\t\t\t\t<div class=\"elementor-widget-container\">\n\t\t\t\t\t\t\t\t<div class=\"ha-post-list-wrapper\">\n\t\t\t\t<ul class=\"ha-post-list\" >\n\t\t\t\t\t\t\t\t\t\t\t<li class=\"ha-post-list-item\">\n\t\t\t\t\t\t\t<a href=\"https:\/\/alexrahirant.co\/en\/10-mejores-herramientas-de-inteligencia-artificial-para-marketing\/\">\n\t\t\t\t\t\t\t\t<img decoding=\"async\" width=\"128\" height=\"85\" src=\"https:\/\/alexrahirant.co\/wp-content\/uploads\/10-mejores-herramientas-de-inteligencia-artificial.webp\" class=\"attachment-thumbnail size-thumbnail wp-post-image\" alt=\"10 mejores herramientas de inteligencia artificial\" srcset=\"https:\/\/alexrahirant.co\/wp-content\/uploads\/10-mejores-herramientas-de-inteligencia-artificial.webp 900w, https:\/\/alexrahirant.co\/wp-content\/uploads\/10-mejores-herramientas-de-inteligencia-artificial-768x512.webp 768w, https:\/\/alexrahirant.co\/wp-content\/uploads\/10-mejores-herramientas-de-inteligencia-artificial-18x12.webp 18w\" sizes=\"(max-width: 128px) 100vw, 128px\" \/>\t\t\t\t\t\t\t\t<div class=\"ha-post-list-content\">\n\t\t\t\t\t\t\t\t\t<h4 class=\"ha-post-list-title\">10 mejores herramientas de inteligencia artificial para marketing<\/h4>\t\t\t\t\t\t\t\t\t\t\t\t\t\t\t\t\t\t\t<div class=\"ha-post-list-meta-wrap\">\n\n\t\t\t\t\t\t\t\t\t\t\t\t\t\t\t\t\t\t\t\t\t\t\t<span class=\"ha-post-list-author\">\n\t\t\t\t\t\t\t\t\t\t\t\tAlex Rahirant\t\t\t\t\t\t\t\t\t\t\t\t<\/span>\n\t\t\t\t\t\t\t\t\t\t\t\n\t\t\t\t\t\t\t\t\t\t\t\n\t\t\t\t\t\t\t\t\t\t\t\n\t\t\t\t\t\t\t\t\t\t<\/div>\n\t\t\t\t\t\t\t\t\t\t\t\t\t\t\t\t\t\t\t\t\t\t\t\t\t\t\t\t\t\t\t\t\t\t\t\t\t<div class=\"ha-post-list-excerpt\">\n\t\t\t\t\t\t\t\t\t\t\t<p>La inteligencia artificial (IA) ayuda a los profesionales del marketing a automatizar actividades y campa\u00f1as a escala de una forma que nunca antes hab\u00edamos visto..<\/p>\t\t\t\t\t\t\t\t\t\t<\/div>\n\t\t\t\t\t\t\t\t\t\t\t\t\t\t\t\t\t<\/div>\n\t\t\t\t\t\t\t<\/a>\n\t\t\t\t\t\t<\/li>\n\t\t\t\t\t\t\t\t\t\t\t<li class=\"ha-post-list-item\">\n\t\t\t\t\t\t\t<a href=\"https:\/\/alexrahirant.co\/en\/9-razones-por-las-cuales-debes-estudiar-marketing-digital-como-carrera\/\">\n\t\t\t\t\t\t\t\t<img decoding=\"async\" width=\"128\" height=\"84\" src=\"https:\/\/alexrahirant.co\/wp-content\/uploads\/8-razones-marketing-digital.jpg\" class=\"attachment-thumbnail size-thumbnail wp-post-image\" alt=\"\" srcset=\"https:\/\/alexrahirant.co\/wp-content\/uploads\/8-razones-marketing-digital.jpg 599w, https:\/\/alexrahirant.co\/wp-content\/uploads\/8-razones-marketing-digital-18x12.jpg 18w\" sizes=\"(max-width: 128px) 100vw, 128px\" \/>\t\t\t\t\t\t\t\t<div class=\"ha-post-list-content\">\n\t\t\t\t\t\t\t\t\t<h4 class=\"ha-post-list-title\">9 razones por las cuales debes estudiar marketing digital como carrera<\/h4>\t\t\t\t\t\t\t\t\t\t\t\t\t\t\t\t\t\t\t<div class=\"ha-post-list-meta-wrap\">\n\n\t\t\t\t\t\t\t\t\t\t\t\t\t\t\t\t\t\t\t\t\t\t\t<span class=\"ha-post-list-author\">\n\t\t\t\t\t\t\t\t\t\t\t\tAlex Rahirant\t\t\t\t\t\t\t\t\t\t\t\t<\/span>\n\t\t\t\t\t\t\t\t\t\t\t\n\t\t\t\t\t\t\t\t\t\t\t\n\t\t\t\t\t\t\t\t\t\t\t\n\t\t\t\t\t\t\t\t\t\t<\/div>\n\t\t\t\t\t\t\t\t\t\t\t\t\t\t\t\t\t\t\t\t\t\t\t\t\t\t\t\t\t\t\t\t\t\t\t\t\t<div class=\"ha-post-list-excerpt\">\n\t\t\t\t\t\t\t\t\t\t\t<p>Las recientes innovaciones en tecnolog\u00eda y su adaptaci\u00f3n por parte de las empresas han cambiado la forma en que nos comunicamos y recibimos informaci\u00f3n desde.<\/p>\t\t\t\t\t\t\t\t\t\t<\/div>\n\t\t\t\t\t\t\t\t\t\t\t\t\t\t\t\t\t<\/div>\n\t\t\t\t\t\t\t<\/a>\n\t\t\t\t\t\t<\/li>\n\t\t\t\t\t\t\t\t\t\t\t<li class=\"ha-post-list-item\">\n\t\t\t\t\t\t\t<a href=\"https:\/\/alexrahirant.co\/en\/como-vender-productos-digitales-en-linea-la-guia-completa\/\">\n\t\t\t\t\t\t\t\t<img decoding=\"async\" width=\"128\" height=\"87\" src=\"https:\/\/alexrahirant.co\/wp-content\/uploads\/social-media.jpg\" class=\"attachment-thumbnail size-thumbnail wp-post-image\" alt=\"\" srcset=\"https:\/\/alexrahirant.co\/wp-content\/uploads\/social-media.jpg 650w, https:\/\/alexrahirant.co\/wp-content\/uploads\/social-media-16x12.jpg 16w\" sizes=\"(max-width: 128px) 100vw, 128px\" \/>\t\t\t\t\t\t\t\t<div class=\"ha-post-list-content\">\n\t\t\t\t\t\t\t\t\t<h4 class=\"ha-post-list-title\">Como vender productos digitales en linea: la guia completa<\/h4>\t\t\t\t\t\t\t\t\t\t\t\t\t\t\t\t\t\t\t<div class=\"ha-post-list-meta-wrap\">\n\n\t\t\t\t\t\t\t\t\t\t\t\t\t\t\t\t\t\t\t\t\t\t\t<span class=\"ha-post-list-author\">\n\t\t\t\t\t\t\t\t\t\t\t\tAlex Rahirant\t\t\t\t\t\t\t\t\t\t\t\t<\/span>\n\t\t\t\t\t\t\t\t\t\t\t\n\t\t\t\t\t\t\t\t\t\t\t\n\t\t\t\t\t\t\t\t\t\t\t\n\t\t\t\t\t\t\t\t\t\t<\/div>\n\t\t\t\t\t\t\t\t\t\t\t\t\t\t\t\t\t\t\t\t\t\t\t\t\t\t\t\t\t\t\t\t\t\t\t\t\t<div class=\"ha-post-list-excerpt\">\n\t\t\t\t\t\t\t\t\t\t\t<p>\u00bfTodav\u00eda te preguntas qu\u00e9 producto digital vender y c\u00f3mo venderlo? Los productos digitales son tentadores porque son m\u00e1s simples de ejecutar en comparaci\u00f3n con los.<\/p>\t\t\t\t\t\t\t\t\t\t<\/div>\n\t\t\t\t\t\t\t\t\t\t\t\t\t\t\t\t\t<\/div>\n\t\t\t\t\t\t\t<\/a>\n\t\t\t\t\t\t<\/li>\n\t\t\t\t\t\t\t\t\t\t\t<li class=\"ha-post-list-item\">\n\t\t\t\t\t\t\t<a href=\"https:\/\/alexrahirant.co\/en\/crea-tu-pagina-web-para-marketing-de-afiliados-y-hotmart-con-seminarios-online\/\">\n\t\t\t\t\t\t\t\t<img loading=\"lazy\" decoding=\"async\" width=\"128\" height=\"72\" src=\"https:\/\/alexrahirant.co\/wp-content\/uploads\/ecosistema-seminarios-online-1.jpg\" class=\"attachment-thumbnail size-thumbnail wp-post-image\" alt=\"ecosistema-seminarios-online\" srcset=\"https:\/\/alexrahirant.co\/wp-content\/uploads\/ecosistema-seminarios-online-1.jpg 800w, https:\/\/alexrahirant.co\/wp-content\/uploads\/ecosistema-seminarios-online-1-768x432.jpg 768w, https:\/\/alexrahirant.co\/wp-content\/uploads\/ecosistema-seminarios-online-1-16x9.jpg 16w\" sizes=\"(max-width: 128px) 100vw, 128px\" \/>\t\t\t\t\t\t\t\t<div class=\"ha-post-list-content\">\n\t\t\t\t\t\t\t\t\t<h4 class=\"ha-post-list-title\">Como hacer una p\u00e1gina web para vender con marketing de afiliados y Hotmart con Seminarios Online<\/h4>\t\t\t\t\t\t\t\t\t\t\t\t\t\t\t\t\t\t\t<div class=\"ha-post-list-meta-wrap\">\n\n\t\t\t\t\t\t\t\t\t\t\t\t\t\t\t\t\t\t\t\t\t\t\t<span class=\"ha-post-list-author\">\n\t\t\t\t\t\t\t\t\t\t\t\tAlex Rahirant\t\t\t\t\t\t\t\t\t\t\t\t<\/span>\n\t\t\t\t\t\t\t\t\t\t\t\n\t\t\t\t\t\t\t\t\t\t\t\n\t\t\t\t\t\t\t\t\t\t\t\n\t\t\t\t\t\t\t\t\t\t<\/div>\n\t\t\t\t\t\t\t\t\t\t\t\t\t\t\t\t\t\t\t\t\t\t\t\t\t\t\t\t\t\t\t\t\t\t\t\t\t<div class=\"ha-post-list-excerpt\">\n\t\t\t\t\t\t\t\t\t\t\t<p>El mundo del marketing digital esta creciendo a pasos abrumadores y el a\u00f1o 2020 impactado por la pandemia demostr\u00f3 que todos deseamos aprender algo nuevo.<\/p>\t\t\t\t\t\t\t\t\t\t<\/div>\n\t\t\t\t\t\t\t\t\t\t\t\t\t\t\t\t\t<\/div>\n\t\t\t\t\t\t\t<\/a>\n\t\t\t\t\t\t<\/li>\n\t\t\t\t\t\t\t\t\t\t\t<li class=\"ha-post-list-item\">\n\t\t\t\t\t\t\t<a href=\"https:\/\/alexrahirant.co\/en\/7-estrategias-de-marketing-juridico-digital-para-abogados\/\">\n\t\t\t\t\t\t\t\t<img loading=\"lazy\" decoding=\"async\" width=\"128\" height=\"75\" src=\"https:\/\/alexrahirant.co\/wp-content\/uploads\/pexels-sora-lawyer-low-1.jpg\" class=\"attachment-thumbnail size-thumbnail wp-post-image\" alt=\"marketing digital para abogados\" srcset=\"https:\/\/alexrahirant.co\/wp-content\/uploads\/pexels-sora-lawyer-low-1.jpg 900w, https:\/\/alexrahirant.co\/wp-content\/uploads\/pexels-sora-lawyer-low-1-768x451.jpg 768w, https:\/\/alexrahirant.co\/wp-content\/uploads\/pexels-sora-lawyer-low-1-16x9.jpg 16w\" sizes=\"(max-width: 128px) 100vw, 128px\" \/>\t\t\t\t\t\t\t\t<div class=\"ha-post-list-content\">\n\t\t\t\t\t\t\t\t\t<h4 class=\"ha-post-list-title\">7 estrategias de marketing digital para bufetes de abogados<\/h4>\t\t\t\t\t\t\t\t\t\t\t\t\t\t\t\t\t\t\t<div class=\"ha-post-list-meta-wrap\">\n\n\t\t\t\t\t\t\t\t\t\t\t\t\t\t\t\t\t\t\t\t\t\t\t<span class=\"ha-post-list-author\">\n\t\t\t\t\t\t\t\t\t\t\t\tAlex Rahirant\t\t\t\t\t\t\t\t\t\t\t\t<\/span>\n\t\t\t\t\t\t\t\t\t\t\t\n\t\t\t\t\t\t\t\t\t\t\t\n\t\t\t\t\t\t\t\t\t\t\t\n\t\t\t\t\t\t\t\t\t\t<\/div>\n\t\t\t\t\t\t\t\t\t\t\t\t\t\t\t\t\t\t\t\t\t\t\t\t\t\t\t\t\t\t\t\t\t\t\t\t\t<div class=\"ha-post-list-excerpt\">\n\t\t\t\t\t\t\t\t\t\t\t<p>Ninguna empresa triunfa en el mundo de hoy hasta que se exhiba de manera \u00fanica y adecuada en Internet. El 97% de los consumidores que.<\/p>\t\t\t\t\t\t\t\t\t\t<\/div>\n\t\t\t\t\t\t\t\t\t\t\t\t\t\t\t\t\t<\/div>\n\t\t\t\t\t\t\t<\/a>\n\t\t\t\t\t\t<\/li>\n\t\t\t\t\t\t\t\t\t\t\t<li class=\"ha-post-list-item\">\n\t\t\t\t\t\t\t<a href=\"https:\/\/alexrahirant.co\/en\/como-crear-videos-promocionales-de-producto-para-atraer-mas-clientes\/\">\n\t\t\t\t\t\t\t\t<img loading=\"lazy\" decoding=\"async\" width=\"128\" height=\"85\" src=\"https:\/\/alexrahirant.co\/wp-content\/uploads\/product-marketing.jpg\" class=\"attachment-thumbnail size-thumbnail wp-post-image\" alt=\"\" srcset=\"https:\/\/alexrahirant.co\/wp-content\/uploads\/product-marketing.jpg 640w, https:\/\/alexrahirant.co\/wp-content\/uploads\/product-marketing-16x12.jpg 16w\" sizes=\"(max-width: 128px) 100vw, 128px\" \/>\t\t\t\t\t\t\t\t<div class=\"ha-post-list-content\">\n\t\t\t\t\t\t\t\t\t<h4 class=\"ha-post-list-title\">C\u00f3mo crear videos promocionales de producto para atraer mas clientes<\/h4>\t\t\t\t\t\t\t\t\t\t\t\t\t\t\t\t\t\t\t<div class=\"ha-post-list-meta-wrap\">\n\n\t\t\t\t\t\t\t\t\t\t\t\t\t\t\t\t\t\t\t\t\t\t\t<span class=\"ha-post-list-author\">\n\t\t\t\t\t\t\t\t\t\t\t\tAlex Rahirant\t\t\t\t\t\t\t\t\t\t\t\t<\/span>\n\t\t\t\t\t\t\t\t\t\t\t\n\t\t\t\t\t\t\t\t\t\t\t\n\t\t\t\t\t\t\t\t\t\t\t\n\t\t\t\t\t\t\t\t\t\t<\/div>\n\t\t\t\t\t\t\t\t\t\t\t\t\t\t\t\t\t\t\t\t\t\t\t\t\t\t\t\t\t\t\t\t\t\t\t\t\t<div class=\"ha-post-list-excerpt\">\n\t\t\t\t\t\t\t\t\t\t\t<p>Crear videos de productos para generar m\u00e1s clientes potenciales y, por lo tanto, ventas es una forma efectiva de crear contenido con fines de marketing..<\/p>\t\t\t\t\t\t\t\t\t\t<\/div>\n\t\t\t\t\t\t\t\t\t\t\t\t\t\t\t\t\t<\/div>\n\t\t\t\t\t\t\t<\/a>\n\t\t\t\t\t\t<\/li>\n\t\t\t\t\t\t\t\t\t\t\t<li class=\"ha-post-list-item\">\n\t\t\t\t\t\t\t<a href=\"https:\/\/alexrahirant.co\/en\/11-herramientas-para-el-teletrabajo\/\">\n\t\t\t\t\t\t\t\t<img loading=\"lazy\" decoding=\"async\" width=\"128\" height=\"86\" src=\"https:\/\/alexrahirant.co\/wp-content\/uploads\/2020\/03\/trabajo-en-el-hogar.jpg\" class=\"attachment-thumbnail size-thumbnail wp-post-image\" alt=\"trabajo-en-el-hogar\" \/>\t\t\t\t\t\t\t\t<div class=\"ha-post-list-content\">\n\t\t\t\t\t\t\t\t\t<h4 class=\"ha-post-list-title\">11 herramientas para TELETRABAJO<\/h4>\t\t\t\t\t\t\t\t\t\t\t\t\t\t\t\t\t\t\t<div class=\"ha-post-list-meta-wrap\">\n\n\t\t\t\t\t\t\t\t\t\t\t\t\t\t\t\t\t\t\t\t\t\t\t<span class=\"ha-post-list-author\">\n\t\t\t\t\t\t\t\t\t\t\t\tAlex Rahirant\t\t\t\t\t\t\t\t\t\t\t\t<\/span>\n\t\t\t\t\t\t\t\t\t\t\t\n\t\t\t\t\t\t\t\t\t\t\t\n\t\t\t\t\t\t\t\t\t\t\t\n\t\t\t\t\t\t\t\t\t\t<\/div>\n\t\t\t\t\t\t\t\t\t\t\t\t\t\t\t\t\t\t\t\t\t\t\t\t\t\t\t\t\t\t\t\t\t\t\t\t\t<div class=\"ha-post-list-excerpt\">\n\t\t\t\t\t\t\t\t\t\t\t<p>\u00bfSi estas realizando Teletrabajo o trabajo desde el hogar, que herramientas necesitas b\u00e1sicamente para que tus labores con tu empresa se realicen de manera satisfactoria.<\/p>\t\t\t\t\t\t\t\t\t\t<\/div>\n\t\t\t\t\t\t\t\t\t\t\t\t\t\t\t\t\t<\/div>\n\t\t\t\t\t\t\t<\/a>\n\t\t\t\t\t\t<\/li>\n\t\t\t\t\t\t\t\t\t<\/ul>\n\t\t\t<\/div>\n\t\t\t\t\t\t\t<\/div>\n\t\t\t\t<\/div>\n\t\t\t\t<div class=\"elementor-element elementor-element-3b080c3c elementor-widget elementor-widget-spacer\" data-id=\"3b080c3c\" data-element_type=\"widget\" data-widget_type=\"spacer.default\">\n\t\t\t\t<div class=\"elementor-widget-container\">\n\t\t\t\t\t\t\t<div class=\"elementor-spacer\">\n\t\t\t<div class=\"elementor-spacer-inner\"><\/div>\n\t\t<\/div>\n\t\t\t\t\t\t<\/div>\n\t\t\t\t<\/div>\n\t\t\t\t\t<\/div>\n\t\t<\/div>\n\t\t\t\t\t<\/div>\n\t\t<\/section>\n\t\t\t\t<\/div>\n\t\t<!-- AddThis Advanced Settings generic via filter on the_content --><!-- AddThis Share Buttons generic via filter on the_content -->","protected":false},"excerpt":{"rendered":"<p>Blog Personal 10 mejores herramientas de inteligencia artificial para marketing Alex Rahirant La inteligencia artificial (IA) ayuda a los profesionales del marketing a automatizar actividades y campa\u00f1as a escala de una forma que nunca antes hab\u00edamos visto.. 9 razones por las cuales debes estudiar marketing digital en 2024 \ud83d\ude0e Alex Rahirant Las recientes innovaciones en [&hellip;]<!-- AddThis Advanced Settings generic via filter on get_the_excerpt --><!-- AddThis Share Buttons generic via filter on get_the_excerpt --><\/p>","protected":false},"author":1,"featured_media":25993,"parent":0,"menu_order":0,"comment_status":"closed","ping_status":"closed","template":"","meta":{"site-sidebar-layout":"no-sidebar","site-content-layout":"page-builder","ast-site-content-layout":"default","site-content-style":"default","site-sidebar-style":"default","ast-global-header-display":"","ast-banner-title-visibility":"","ast-main-header-display":"","ast-hfb-above-header-display":"","ast-hfb-below-header-display":"","ast-hfb-mobile-header-display":"","site-post-title":"disabled","ast-breadcrumbs-content":"","ast-featured-img":"disabled","footer-sml-layout":"","ast-disable-related-posts":"","theme-transparent-header-meta":"disabled","adv-header-id-meta":"","stick-header-meta":"","header-above-stick-meta":"","header-main-stick-meta":"","header-below-stick-meta":"","astra-migrate-meta-layouts":"default","ast-page-background-enabled":"default","ast-page-background-meta":{"desktop":{"background-color":"","background-image":"","background-repeat":"repeat","background-position":"center center","background-size":"auto","background-attachment":"scroll","background-type":"","background-media":"","overlay-type":"","overlay-color":"","overlay-opacity":"","overlay-gradient":""},"tablet":{"background-color":"","background-image":"","background-repeat":"repeat","background-position":"center center","background-size":"auto","background-attachment":"scroll","background-type":"","background-media":"","overlay-type":"","overlay-color":"","overlay-opacity":"","overlay-gradient":""},"mobile":{"background-color":"","background-image":"","background-repeat":"repeat","background-position":"center center","background-size":"auto","background-attachment":"scroll","background-type":"","background-media":"","overlay-type":"","overlay-color":"","overlay-opacity":"","overlay-gradient":""}},"ast-content-background-meta":{"desktop":{"background-color":"var(--ast-global-color-5)","background-image":"","background-repeat":"repeat","background-position":"center center","background-size":"auto","background-attachment":"scroll","background-type":"","background-media":"","overlay-type":"","overlay-color":"","overlay-opacity":"","overlay-gradient":""},"tablet":{"background-color":"var(--ast-global-color-5)","background-image":"","background-repeat":"repeat","background-position":"center center","background-size":"auto","background-attachment":"scroll","background-type":"","background-media":"","overlay-type":"","overlay-color":"","overlay-opacity":"","overlay-gradient":""},"mobile":{"background-color":"var(--ast-global-color-5)","background-image":"","background-repeat":"repeat","background-position":"center center","background-size":"auto","background-attachment":"scroll","background-type":"","background-media":"","overlay-type":"","overlay-color":"","overlay-opacity":"","overlay-gradient":""}},"footnotes":""},"class_list":["post-114","page","type-page","status-publish","has-post-thumbnail","hentry"],"_links":{"self":[{"href":"https:\/\/alexrahirant.co\/en\/wp-json\/wp\/v2\/pages\/114","targetHints":{"allow":["GET"]}}],"collection":[{"href":"https:\/\/alexrahirant.co\/en\/wp-json\/wp\/v2\/pages"}],"about":[{"href":"https:\/\/alexrahirant.co\/en\/wp-json\/wp\/v2\/types\/page"}],"author":[{"embeddable":true,"href":"https:\/\/alexrahirant.co\/en\/wp-json\/wp\/v2\/users\/1"}],"replies":[{"embeddable":true,"href":"https:\/\/alexrahirant.co\/en\/wp-json\/wp\/v2\/comments?post=114"}],"version-history":[{"count":0,"href":"https:\/\/alexrahirant.co\/en\/wp-json\/wp\/v2\/pages\/114\/revisions"}],"wp:featuredmedia":[{"embeddable":true,"href":"https:\/\/alexrahirant.co\/en\/wp-json\/wp\/v2\/media\/25993"}],"wp:attachment":[{"href":"https:\/\/alexrahirant.co\/en\/wp-json\/wp\/v2\/media?parent=114"}],"curies":[{"name":"wp","href":"https:\/\/api.w.org\/{rel}","templated":true}]}}