{"id":26355,"date":"2025-01-10T17:46:10","date_gmt":"2025-01-10T22:46:10","guid":{"rendered":"http:\/\/alexrahirant.co\/?page_id=26355"},"modified":"2025-01-27T21:00:58","modified_gmt":"2025-01-28T02:00:58","slug":"plan-de-marketing-digital-2025-paso-a-paso","status":"publish","type":"page","link":"https:\/\/alexrahirant.co\/en\/plan-de-marketing-digital-2025-paso-a-paso\/","title":{"rendered":"Plan de Marketing Digital &#8211; 2025 Paso a Paso"},"content":{"rendered":"<div data-elementor-type=\"wp-page\" data-elementor-id=\"26355\" class=\"elementor elementor-26355\" data-elementor-settings=\"{&quot;ha_cmc_init_switcher&quot;:&quot;no&quot;}\" data-elementor-post-type=\"page\">\n\t\t\t\t\t\t<section class=\"elementor-section elementor-top-section elementor-element elementor-element-6b64fc2e elementor-section-boxed elementor-section-height-default elementor-section-height-default\" data-id=\"6b64fc2e\" data-element_type=\"section\" data-settings=\"{&quot;background_background&quot;:&quot;classic&quot;,&quot;_ha_eqh_enable&quot;:false}\">\n\t\t\t\t\t\t\t<div class=\"elementor-background-overlay\"><\/div>\n\t\t\t\t\t\t\t<div class=\"elementor-container elementor-column-gap-default\">\n\t\t\t\t\t<div class=\"elementor-column elementor-col-100 elementor-top-column elementor-element elementor-element-7ac70a7d\" data-id=\"7ac70a7d\" data-element_type=\"column\">\n\t\t\t<div class=\"elementor-widget-wrap elementor-element-populated\">\n\t\t\t\t\t\t<div class=\"elementor-element elementor-element-1f6e1466 elementor-widget elementor-widget-heading\" data-id=\"1f6e1466\" data-element_type=\"widget\" data-widget_type=\"heading.default\">\n\t\t\t\t<div class=\"elementor-widget-container\">\n\t\t\t\t\t<h1 class=\"elementor-heading-title elementor-size-default\">Plan de marketing digital - 2025<\/h1>\t\t\t\t<\/div>\n\t\t\t\t<\/div>\n\t\t\t\t\t<\/div>\n\t\t<\/div>\n\t\t\t\t\t<\/div>\n\t\t<\/section>\n\t\t\t\t<section class=\"elementor-section elementor-top-section elementor-element elementor-element-448a1579 elementor-section-boxed elementor-section-height-default elementor-section-height-default\" data-id=\"448a1579\" data-element_type=\"section\" data-settings=\"{&quot;_ha_eqh_enable&quot;:false}\">\n\t\t\t\t\t\t<div class=\"elementor-container elementor-column-gap-default\">\n\t\t\t\t\t<div class=\"elementor-column elementor-col-100 elementor-top-column elementor-element elementor-element-47248c27\" data-id=\"47248c27\" data-element_type=\"column\" data-settings=\"{&quot;background_background&quot;:&quot;classic&quot;}\">\n\t\t\t<div class=\"elementor-widget-wrap elementor-element-populated\">\n\t\t\t\t\t\t<div class=\"elementor-element elementor-element-9f48f1c elementor-widget elementor-widget-heading\" data-id=\"9f48f1c\" data-element_type=\"widget\" data-widget_type=\"heading.default\">\n\t\t\t\t<div class=\"elementor-widget-container\">\n\t\t\t\t\t<h2 class=\"elementor-heading-title elementor-size-default\">Descarga mi guia gratuita del paso a paso para un plan de Marketing Digital efectivo.<\/h2>\t\t\t\t<\/div>\n\t\t\t\t<\/div>\n\t\t\t\t<div class=\"elementor-element elementor-element-aed357 elementor-widget elementor-widget-heading\" data-id=\"aed357\" data-element_type=\"widget\" data-widget_type=\"heading.default\">\n\t\t\t\t<div class=\"elementor-widget-container\">\n\t\t\t\t\t<h3 class=\"elementor-heading-title elementor-size-default\">Generalidades para dise\u00f1ar y crear tus campa\u00f1as<\/h3>\t\t\t\t<\/div>\n\t\t\t\t<\/div>\n\t\t\t\t<div class=\"elementor-element elementor-element-7fcc99f9 elementor-widget elementor-widget-text-editor\" data-id=\"7fcc99f9\" data-element_type=\"widget\" data-widget_type=\"text-editor.default\">\n\t\t\t\t<div class=\"elementor-widget-container\">\n\t\t\t\t\t\t\t\t\t<p>Los elementos b\u00e1sicos que debes tener en cuenta al crear campa\u00f1as para empresas y PYMES.<\/p><p>Esta es una informaici\u00f3n que encuentras en internet pero que he recopilado para que la puedas descargar, guardar e imprimir para mayor facilidad de consulta.<\/p>\t\t\t\t\t\t\t\t<\/div>\n\t\t\t\t<\/div>\n\t\t\t\t<div class=\"elementor-element elementor-element-a9f1f27 elementor-widget elementor-widget-image\" data-id=\"a9f1f27\" data-element_type=\"widget\" data-widget_type=\"image.default\">\n\t\t\t\t<div class=\"elementor-widget-container\">\n\t\t\t\t\t\t\t\t\t\t\t\t\t\t\t<img fetchpriority=\"high\" decoding=\"async\" width=\"900\" height=\"600\" src=\"https:\/\/alexrahirant.co\/wp-content\/uploads\/plan_de_marketing_bookcover_alexrahirant.jpg\" class=\"attachment-medium size-medium wp-image-26360\" alt=\"\" srcset=\"https:\/\/alexrahirant.co\/wp-content\/uploads\/plan_de_marketing_bookcover_alexrahirant.jpg 900w, https:\/\/alexrahirant.co\/wp-content\/uploads\/plan_de_marketing_bookcover_alexrahirant-768x512.jpg 768w\" sizes=\"(max-width: 900px) 100vw, 900px\" \/>\t\t\t\t\t\t\t\t\t\t\t\t\t\t\t<\/div>\n\t\t\t\t<\/div>\n\t\t\t\t<div class=\"elementor-element elementor-element-7ee242e elementor-widget elementor-widget-text-editor\" data-id=\"7ee242e\" data-element_type=\"widget\" data-widget_type=\"text-editor.default\">\n\t\t\t\t<div class=\"elementor-widget-container\">\n\t\t\t\t\t\t\t\t\t<p style=\"text-align: center;\">Haz clic en el bot\u00f3n y descargalo GRATIS.<\/p>\t\t\t\t\t\t\t\t<\/div>\n\t\t\t\t<\/div>\n\t\t\t\t<div class=\"elementor-element elementor-element-6ed4e10 elementor-align-center elementor-widget elementor-widget-button\" data-id=\"6ed4e10\" data-element_type=\"widget\" data-widget_type=\"button.default\">\n\t\t\t\t<div class=\"elementor-widget-container\">\n\t\t\t\t\t\t\t\t\t<div class=\"elementor-button-wrapper\">\n\t\t\t\t\t<a class=\"elementor-button elementor-button-link elementor-size-lg\" href=\"https:\/\/bit.ly\/ebook_plan_de_marketing\" target=\"_blank\" rel=\"noopener\">\n\t\t\t\t\t\t<span class=\"elementor-button-content-wrapper\">\n\t\t\t\t\t\t<span class=\"elementor-button-icon\">\n\t\t\t\t<i aria-hidden=\"true\" class=\"fas fa-chevron-down\"><\/i>\t\t\t<\/span>\n\t\t\t\t\t\t\t\t\t<span class=\"elementor-button-text\">Quiero mi ebook<\/span>\n\t\t\t\t\t<\/span>\n\t\t\t\t\t<\/a>\n\t\t\t\t<\/div>\n\t\t\t\t\t\t\t\t<\/div>\n\t\t\t\t<\/div>\n\t\t\t\t<div class=\"elementor-element elementor-element-68d94f0 elementor-widget elementor-widget-text-editor\" data-id=\"68d94f0\" data-element_type=\"widget\" data-widget_type=\"text-editor.default\">\n\t\t\t\t<div class=\"elementor-widget-container\">\n\t\t\t\t\t\t\t\t\t<p>No importa si eres una pyme, micro pyme o freelance. Necesitas un plan de marketing digital si quieres tener presencia en Internet.<\/p>\n<p>Esto, puede parecerte una tarea aburrida, o simplemente no has nacido para hacerlo por ti mismo, por lo que, ponerlo en manos de profesionales debe convertirse en tu mejor opci\u00f3n, jam\u00e1s olvides que invertir en ello, bien vale la pena.<\/p>\n<p>Si necesitas asesor\u00eda o el manejo de tus campa\u00f1as, dise\u00f1o de tu landing page y\/o ecommerce, redes sociales, <a href=\"http:\/\/alexrahirant.co\/en\/contacto\/\" target=\"_blank\" rel=\"noopener\">cont\u00e1ctanos.<\/a><\/p>\n<p><b>alexrahirant@gmail.com<\/b><\/p>\t\t\t\t\t\t\t\t<\/div>\n\t\t\t\t<\/div>\n\t\t\t\t<div class=\"elementor-element elementor-element-0c93bae elementor-widget elementor-widget-heading\" data-id=\"0c93bae\" data-element_type=\"widget\" data-widget_type=\"heading.default\">\n\t\t\t\t<div class=\"elementor-widget-container\">\n\t\t\t\t\t<h3 class=\"elementor-heading-title elementor-size-default\">\u00bfTe gustar\u00eda, adem\u00e1s, aprender las mejores estrategias de  marketing digital para aplicarlas a tu negocio, a tu empresa y\/o poder ofrecer estos servicios como freelance?<\/h3>\t\t\t\t<\/div>\n\t\t\t\t<\/div>\n\t\t\t\t<div class=\"elementor-element elementor-element-9fbf780 elementor-widget elementor-widget-image\" data-id=\"9fbf780\" data-element_type=\"widget\" data-widget_type=\"image.default\">\n\t\t\t\t<div class=\"elementor-widget-container\">\n\t\t\t\t\t\t\t\t\t\t\t\t\t\t\t<img decoding=\"async\" width=\"640\" height=\"426\" src=\"https:\/\/alexrahirant.co\/wp-content\/uploads\/social-networks.jpg\" class=\"attachment-large size-large wp-image-29372\" alt=\"\" srcset=\"https:\/\/alexrahirant.co\/wp-content\/uploads\/social-networks.jpg 640w, https:\/\/alexrahirant.co\/wp-content\/uploads\/social-networks-18x12.jpg 18w\" sizes=\"(max-width: 640px) 100vw, 640px\" \/>\t\t\t\t\t\t\t\t\t\t\t\t\t\t\t<\/div>\n\t\t\t\t<\/div>\n\t\t\t\t<div class=\"elementor-element elementor-element-2521dae elementor-widget elementor-widget-text-editor\" data-id=\"2521dae\" data-element_type=\"widget\" data-widget_type=\"text-editor.default\">\n\t\t\t\t<div class=\"elementor-widget-container\">\n\t\t\t\t\t\t\t\t\t<p>El mundo del marketing digital esta <b>creciendo de una manera impresionante<\/b>. La pandemia nos ense\u00f1o que cada vez estamos m\u00e1s centralizados en nuestros dispositivos electr\u00f3nicos y las empresas entendieron que el alcance de la econom\u00eda se hace desde internet con estrat\u00e9gias apropiadas y eficientes.\u00a0<\/p><p><b>El mundo cambi\u00f3 y ahora t\u00fa tambi\u00e9n puedes hacer parte de este cambio<\/b> estudiando una carrera con \u00e1lta proyecci\u00f3n al futuro y <b>donde puedes generar excelentes ingresos<\/b> al crear las estrategias correctas para tus clientes.\u00a0<\/p><p>Muchos marketers hoy en d\u00eda <b>est\u00e1n generando entre $500 a $1000 d\u00f3lares por cliente<\/b> y llevan las campa\u00f1as de 5 o 6 clientes al tiempo (imag\u00ednate poder facturar mas de $3.000 d\u00f3lares al m\u00e9s), <b>sin complicaciones<\/b> ya que lo que aprendes es la estrat\u00e9gia efectiva que siemplemente repites y ajustas dependiendo del cliente.<\/p><p>Te invito a que conozcas <strong><a href=\"http:\/\/alexrahirant.co\/en\/marketing-digital-paso-a-paso\/\">esta capacitaci\u00f3n<\/a><\/strong> que te dar\u00e1 las herramientas perfectas para lograr estos objetivos y ser un excelente Marketer adelantandote al futuro.\u00a0<\/p>\t\t\t\t\t\t\t\t<\/div>\n\t\t\t\t<\/div>\n\t\t\t\t<div class=\"elementor-element elementor-element-d4ed589 elementor-align-center elementor-widget elementor-widget-button\" data-id=\"d4ed589\" data-element_type=\"widget\" data-widget_type=\"button.default\">\n\t\t\t\t<div class=\"elementor-widget-container\">\n\t\t\t\t\t\t\t\t\t<div class=\"elementor-button-wrapper\">\n\t\t\t\t\t<a class=\"elementor-button elementor-button-link elementor-size-sm\" href=\"http:\/\/alexrahirant.co\/en\/marketing-digital-paso-a-paso\/?utm_source=website&#038;utm_medium=button&#038;utm_campaign=afiliado-boton-website&#038;utm_id=link_paginadeebook\">\n\t\t\t\t\t\t<span class=\"elementor-button-content-wrapper\">\n\t\t\t\t\t\t\t\t\t<span class=\"elementor-button-text\">QUIERO SABER M\u00c1S SOBRE EL CURSO DE MARKETING DIGITAL<\/span>\n\t\t\t\t\t<\/span>\n\t\t\t\t\t<\/a>\n\t\t\t\t<\/div>\n\t\t\t\t\t\t\t\t<\/div>\n\t\t\t\t<\/div>\n\t\t\t\t<div class=\"elementor-element elementor-element-5ab96370 elementor-widget elementor-widget-text-editor\" data-id=\"5ab96370\" data-element_type=\"widget\" data-widget_type=\"text-editor.default\">\n\t\t\t\t<div class=\"elementor-widget-container\">\n\t\t\t\t\t\t\t\t\t<p>\ud83d\udc49 Te invito tambi\u00e9n a leer mi articulo sobre<strong> <a href=\"http:\/\/alexrahirant.co\/en\/9-razones-por-las-cuales-debes-estudiar-marketing-digital-en-2022\/\">las 9 razones por las cuales debes estudiar marketing digital en 2022.<\/a><\/strong><\/p>\t\t\t\t\t\t\t\t<\/div>\n\t\t\t\t<\/div>\n\t\t\t\t<div class=\"elementor-element elementor-element-3ebb2b0 elementor-widget elementor-widget-spacer\" data-id=\"3ebb2b0\" data-element_type=\"widget\" data-widget_type=\"spacer.default\">\n\t\t\t\t<div class=\"elementor-widget-container\">\n\t\t\t\t\t\t\t<div class=\"elementor-spacer\">\n\t\t\t<div class=\"elementor-spacer-inner\"><\/div>\n\t\t<\/div>\n\t\t\t\t\t\t<\/div>\n\t\t\t\t<\/div>\n\t\t\t\t<div class=\"elementor-element elementor-element-56fa14f elementor-widget elementor-widget-html\" data-id=\"56fa14f\" data-element_type=\"widget\" data-widget_type=\"html.default\">\n\t\t\t\t<div class=\"elementor-widget-container\">\n\t\t\t\t\t<script async src=\"https:\/\/pagead2.googlesyndication.com\/pagead\/js\/adsbygoogle.js\"><\/script>\n<!-- plan de marketing digital -->\n<ins class=\"adsbygoogle\"\n     style=\"display:block\"\n     data-ad-client=\"ca-pub-1597906054121933\"\n     data-ad-slot=\"2266996806\"\n     data-ad-format=\"auto\"\n     data-full-width-responsive=\"true\"><\/ins>\n<script>\n     (adsbygoogle = window.adsbygoogle || []).push({});\n<\/script>\t\t\t\t<\/div>\n\t\t\t\t<\/div>\n\t\t\t\t<div class=\"elementor-element elementor-element-4e8e8d99 elementor-widget elementor-widget-spacer\" data-id=\"4e8e8d99\" data-element_type=\"widget\" data-widget_type=\"spacer.default\">\n\t\t\t\t<div class=\"elementor-widget-container\">\n\t\t\t\t\t\t\t<div class=\"elementor-spacer\">\n\t\t\t<div class=\"elementor-spacer-inner\"><\/div>\n\t\t<\/div>\n\t\t\t\t\t\t<\/div>\n\t\t\t\t<\/div>\n\t\t\t\t\t<\/div>\n\t\t<\/div>\n\t\t\t\t\t<\/div>\n\t\t<\/section>\n\t\t\t\t<\/div>\n\t\t<!-- AddThis Advanced Settings generic via filter on the_content --><!-- AddThis Share Buttons generic via filter on the_content -->","protected":false},"excerpt":{"rendered":"<p>Plan de marketing digital &#8211; 2025 Descarga mi guia gratuita del paso a paso para un plan de Marketing Digital efectivo. Generalidades para dise\u00f1ar y crear tus campa\u00f1as Los elementos b\u00e1sicos que debes tener en cuenta al crear campa\u00f1as para empresas y PYMES. Esta es una informaici\u00f3n que encuentras en internet pero que he recopilado [&hellip;]<!-- AddThis Advanced Settings generic via filter on get_the_excerpt --><!-- AddThis Share Buttons generic via filter on get_the_excerpt --><\/p>","protected":false},"author":2,"featured_media":0,"parent":0,"menu_order":0,"comment_status":"closed","ping_status":"closed","template":"","meta":{"site-sidebar-layout":"no-sidebar","site-content-layout":"page-builder","ast-site-content-layout":"full-width-container","site-content-style":"unboxed","site-sidebar-style":"unboxed","ast-global-header-display":"","ast-banner-title-visibility":"","ast-main-header-display":"","ast-hfb-above-header-display":"","ast-hfb-below-header-display":"","ast-hfb-mobile-header-display":"","site-post-title":"disabled","ast-breadcrumbs-content":"","ast-featured-img":"disabled","footer-sml-layout":"","ast-disable-related-posts":"","theme-transparent-header-meta":"default","adv-header-id-meta":"","stick-header-meta":"","header-above-stick-meta":"","header-main-stick-meta":"","header-below-stick-meta":"","astra-migrate-meta-layouts":"set","ast-page-background-enabled":"default","ast-page-background-meta":{"desktop":{"background-color":"","background-image":"","background-repeat":"repeat","background-position":"center center","background-size":"auto","background-attachment":"scroll","background-type":"","background-media":"","overlay-type":"","overlay-color":"","overlay-opacity":"","overlay-gradient":""},"tablet":{"background-color":"","background-image":"","background-repeat":"repeat","background-position":"center center","background-size":"auto","background-attachment":"scroll","background-type":"","background-media":"","overlay-type":"","overlay-color":"","overlay-opacity":"","overlay-gradient":""},"mobile":{"background-color":"","background-image":"","background-repeat":"repeat","background-position":"center center","background-size":"auto","background-attachment":"scroll","background-type":"","background-media":"","overlay-type":"","overlay-color":"","overlay-opacity":"","overlay-gradient":""}},"ast-content-background-meta":{"desktop":{"background-color":"var(--ast-global-color-5)","background-image":"","background-repeat":"repeat","background-position":"center center","background-size":"auto","background-attachment":"scroll","background-type":"","background-media":"","overlay-type":"","overlay-color":"","overlay-opacity":"","overlay-gradient":""},"tablet":{"background-color":"var(--ast-global-color-5)","background-image":"","background-repeat":"repeat","background-position":"center center","background-size":"auto","background-attachment":"scroll","background-type":"","background-media":"","overlay-type":"","overlay-color":"","overlay-opacity":"","overlay-gradient":""},"mobile":{"background-color":"var(--ast-global-color-5)","background-image":"","background-repeat":"repeat","background-position":"center center","background-size":"auto","background-attachment":"scroll","background-type":"","background-media":"","overlay-type":"","overlay-color":"","overlay-opacity":"","overlay-gradient":""}},"footnotes":""},"class_list":["post-26355","page","type-page","status-publish","hentry"],"_links":{"self":[{"href":"https:\/\/alexrahirant.co\/en\/wp-json\/wp\/v2\/pages\/26355","targetHints":{"allow":["GET"]}}],"collection":[{"href":"https:\/\/alexrahirant.co\/en\/wp-json\/wp\/v2\/pages"}],"about":[{"href":"https:\/\/alexrahirant.co\/en\/wp-json\/wp\/v2\/types\/page"}],"author":[{"embeddable":true,"href":"https:\/\/alexrahirant.co\/en\/wp-json\/wp\/v2\/users\/2"}],"replies":[{"embeddable":true,"href":"https:\/\/alexrahirant.co\/en\/wp-json\/wp\/v2\/comments?post=26355"}],"version-history":[{"count":11,"href":"https:\/\/alexrahirant.co\/en\/wp-json\/wp\/v2\/pages\/26355\/revisions"}],"predecessor-version":[{"id":30843,"href":"https:\/\/alexrahirant.co\/en\/wp-json\/wp\/v2\/pages\/26355\/revisions\/30843"}],"wp:attachment":[{"href":"https:\/\/alexrahirant.co\/en\/wp-json\/wp\/v2\/media?parent=26355"}],"curies":[{"name":"wp","href":"https:\/\/api.w.org\/{rel}","templated":true}]}}