{"id":31159,"date":"2025-11-18T12:47:06","date_gmt":"2025-11-18T17:47:06","guid":{"rendered":"https:\/\/alexrahirant.co\/?page_id=31159"},"modified":"2025-11-18T17:00:00","modified_gmt":"2025-11-18T22:00:00","slug":"emojis","status":"publish","type":"page","link":"https:\/\/alexrahirant.co\/en\/emojis\/","title":{"rendered":"emojis"},"content":{"rendered":"<div data-elementor-type=\"wp-page\" data-elementor-id=\"31159\" class=\"elementor elementor-31159\" data-elementor-settings=\"{&quot;ha_cmc_init_switcher&quot;:&quot;no&quot;}\" data-elementor-post-type=\"page\">\n\t\t\t\t<div class=\"elementor-element elementor-element-61175c5 e-flex e-con-boxed e-con e-parent\" data-id=\"61175c5\" data-element_type=\"container\" data-settings=\"{&quot;_ha_eqh_enable&quot;:false}\">\n\t\t\t\t\t<div class=\"e-con-inner\">\n\t\t\t\t<div class=\"elementor-element elementor-element-519efb7 elementor-widget elementor-widget-html\" data-id=\"519efb7\" data-element_type=\"widget\" data-widget_type=\"html.default\">\n\t\t\t\t<div class=\"elementor-widget-container\">\n\t\t\t\t\t<!DOCTYPE html>\n<html lang=\"es\">\n<head>\n    <meta charset=\"UTF-8\">\n    <meta name=\"viewport\" content=\"width=device-width, initial-scale=1.0\">\n    <title>GetEmoji - Copiar Emojis F\u00e1cilmente<\/title>\n    <style>\n        * {\n            margin: 0;\n            padding: 0;\n            box-sizing: border-box;\n            font-family: 'Segoe UI', Tahoma, Geneva, Verdana, sans-serif;\n        }\n\n        body {\n            background-color: #f7f7f7;\n            color: #333;\n            line-height: 1.6;\n        }\n\n        header {\n            background-color: #fff;\n            box-shadow: 0 2px 10px rgba(0, 0, 0, 0.1);\n            padding: 20px 0;\n            position: sticky;\n            top: 0;\n            z-index: 100;\n        }\n\n        .container {\n            max-width: 1200px;\n            margin: 0 auto;\n            padding: 0 20px;\n        }\n\n        .header-content {\n            display: flex;\n            justify-content: space-between;\n            align-items: center;\n        }\n\n        .logo {\n            font-size: 24px;\n            font-weight: bold;\n            color: #4a6cf7;\n            text-decoration: none;\n        }\n\n        .logo span {\n            color: #ff6b6b;\n        }\n\n        .search-container {\n            flex: 1;\n            max-width: 500px;\n            margin: 0 20px;\n        }\n\n        .search-box {\n            width: 100%;\n            padding: 12px 20px;\n            border: 1px solid #ddd;\n            border-radius: 30px;\n            font-size: 16px;\n            outline: none;\n            transition: all 0.3s;\n        }\n\n        .search-box:focus {\n            border-color: #4a6cf7;\n            box-shadow: 0 0 0 2px rgba(74, 108, 247, 0.2);\n        }\n\n        .main-content {\n            padding: 40px 0;\n        }\n\n        .section-title {\n            font-size: 24px;\n            margin-bottom: 20px;\n            color: #333;\n        }\n\n        .emoji-grid {\n            display: grid;\n            grid-template-columns: repeat(auto-fill, minmax(100px, 1fr));\n            gap: 15px;\n            margin-bottom: 40px;\n        }\n\n        .emoji-card {\n            background-color: #fff;\n            border-radius: 10px;\n            padding: 20px;\n            text-align: center;\n            cursor: pointer;\n            transition: all 0.3s;\n            box-shadow: 0 2px 5px rgba(0, 0, 0, 0.05);\n            display: flex;\n            flex-direction: column;\n            align-items: center;\n            justify-content: center;\n        }\n\n        .emoji-card:hover {\n            transform: translateY(-5px);\n            box-shadow: 0 5px 15px rgba(0, 0, 0, 0.1);\n        }\n\n        .emoji {\n            font-size: 32px;\n            margin-bottom: 10px;\n        }\n\n        .emoji-name {\n            font-size: 12px;\n            color: #666;\n        }\n\n        .notification {\n            position: fixed;\n            bottom: 20px;\n            right: 20px;\n            background-color: #4a6cf7;\n            color: white;\n            padding: 12px 20px;\n            border-radius: 5px;\n            box-shadow: 0 3px 10px rgba(0, 0, 0, 0.2);\n            opacity: 0;\n            transition: opacity 0.3s;\n            z-index: 1000;\n        }\n\n        .notification.show {\n            opacity: 1;\n        }\n\n        footer {\n            background-color: #fff;\n            padding: 30px 0;\n            margin-top: 40px;\n            border-top: 1px solid #eee;\n        }\n\n        .footer-content {\n            display: flex;\n            justify-content: space-between;\n            flex-wrap: wrap;\n        }\n\n        .footer-section {\n            flex: 1;\n            min-width: 200px;\n            margin-bottom: 20px;\n        }\n\n        .footer-section h3 {\n            font-size: 18px;\n            margin-bottom: 15px;\n            color: #333;\n        }\n\n        .footer-section p, .footer-section a {\n            color: #666;\n            text-decoration: none;\n            margin-bottom: 8px;\n            display: block;\n        }\n\n        .footer-section a:hover {\n            color: #4a6cf7;\n        }\n\n        .copyright {\n            text-align: center;\n            margin-top: 20px;\n            color: #999;\n            font-size: 14px;\n        }\n\n        @media (max-width: 768px) {\n            .header-content {\n                flex-direction: column;\n            }\n\n            .search-container {\n                margin: 15px 0;\n                max-width: 100%;\n            }\n\n            .emoji-grid {\n                grid-template-columns: repeat(auto-fill, minmax(80px, 1fr));\n            }\n\n            .emoji-card {\n                padding: 15px;\n            }\n\n            .emoji {\n                font-size: 28px;\n            }\n        }\n    <\/style>\n<\/head>\n<body>\n    <header>\n        <div class=\"container\">\n            <div class=\"header-content\">\n                <a href=\"#\" class=\"logo\">Get<span>Emoji<\/span><\/a>\n                <div class=\"search-container\">\n                    <input type=\"text\" class=\"search-box\" placeholder=\"Buscar emojis...\">\n                <\/div>\n            <\/div>\n        <\/div>\n    <\/header>\n\n    <main class=\"main-content\">\n        <div class=\"container\">\n            <h2 class=\"section-title\">Emojis Populares<\/h2>\n            <div class=\"emoji-grid\" id=\"emojiGrid\">\n                <!-- Los emojis se cargar\u00e1n aqu\u00ed con JavaScript -->\n            <\/div>\n\n            <h2 class=\"section-title\">Emojis de Caras y Personas<\/h2>\n            <div class=\"emoji-grid\" id=\"facesGrid\">\n                <!-- Los emojis se cargar\u00e1n aqu\u00ed con JavaScript -->\n            <\/div>\n\n            <h2 class=\"section-title\">Emojis de Objetos<\/h2>\n            <div class=\"emoji-grid\" id=\"objectsGrid\">\n                <!-- Los emojis se cargar\u00e1n aqu\u00ed con JavaScript -->\n            <\/div>\n\n            <h2 class=\"section-title\">Emojis de S\u00edmbolos<\/h2>\n            <div class=\"emoji-grid\" id=\"symbolsGrid\">\n                <!-- Los emojis se cargar\u00e1n aqu\u00ed con JavaScript -->\n            <\/div>\n        <\/div>\n    <\/main>\n\n    <div class=\"notification\" id=\"notification\">\u00a1Emoji copiado!<\/div>\n\n    <footer>\n        <div class=\"container\">\n            <div class=\"footer-content\">\n                <div class=\"footer-section\">\n                    <h3>GetEmoji<\/h3>\n                    <p>La forma m\u00e1s f\u00e1cil de copiar y pegar emojis.<\/p>\n                <\/div>\n                <div class=\"footer-section\">\n                    <h3>Enlaces R\u00e1pidos<\/h3>\n                    <a href=\"#\">Home<\/a>\n                    <a href=\"#\">Emojis Populares<\/a>\n                    <a href=\"#\">Todos los Emojis<\/a>\n                <\/div>\n                <div class=\"footer-section\">\n                    <h3>Resources<\/h3>\n                    <a href=\"#\">API<\/a>\n                    <a href=\"#\">Blog<\/a>\n                    <a href=\"#\">Soporte<\/a>\n                <\/div>\n            <\/div>\n            <div class=\"copyright\">\n                &copy; 2023 GetEmoji. Todos los derechos reservados.\n            <\/div>\n        <\/div>\n    <\/footer>\n\n    <script>\n        \/\/ Datos de emojis organizados por categor\u00edas\n        const emojiData = {\n            popular: [\n                { emoji: \"\ud83d\ude02\", name: \"Cara con l\u00e1grimas de alegr\u00eda\" },\n                { emoji: \"\u2764\ufe0f\", name: \"Coraz\u00f3n rojo\" },\n                { emoji: \"\ud83e\udd23\", name: \"Rodando en el suelo riendo\" },\n                { emoji: \"\ud83d\udc4d\", name: \"Pulgar arriba\" },\n                { emoji: \"\ud83d\ude2d\", name: \"Llorando fuerte\" },\n                { emoji: \"\ud83d\ude4f\", name: \"Manos juntas\" },\n                { emoji: \"\ud83d\ude18\", name: \"Cara lanzando un beso\" },\n                { emoji: \"\ud83e\udd70\", name: \"Cara sonriente con corazones\" },\n                { emoji: \"\ud83d\ude0d\", name: \"Cara sonriente con ojos de coraz\u00f3n\" },\n                { emoji: \"\ud83d\ude0a\", name: \"Cara sonriente con ojos sonrientes\" },\n                { emoji: \"\ud83e\udd14\", name: \"Cara pensativa\" },\n                { emoji: \"\ud83d\udc4f\", },\n                { emoji: \"\ud83d\ude0a\", },\n                { emoji: \"\ud83e\udd14\", },\n                { emoji: \"\ud83d\udc4f\", }\n            ],\n            faces: [\n                { emoji: \"\ud83d\ude00\", name: \"Cara sonriente\" },\n                { emoji: \"\ud83d\ude03\", name: \"Cara sonriente con ojos grandes\" },\n                { emoji: \"\ud83d\ude04\", name: \"Cara sonriente con ojos sonrientes\" },\n                { emoji: \"\ud83d\ude01\", name: \"Cara radiante con ojos sonrientes\" },\n                { emoji: \"\ud83d\ude06\", name: \"Cara sonriente cerrando los ojos\" },\n                { emoji: \"\ud83d\ude05\", name: \"Cara sonriente con sudor\" },\n                { emoji: \"\ud83e\udd23\", name: \"Rodando en el suelo riendo\" },\n                { emoji: \"\ud83d\ude02\", name: \"Cara con l\u00e1grimas de alegr\u00eda\" },\n                { emoji: \"\ud83d\ude42\", name: \"Ligeramente sonriente\" },\n                { emoji: \"\ud83d\ude43\", name: \"Cara al rev\u00e9s\" },\n                { emoji: \"\ud83d\ude09\", name: \"Gui\u00f1o\" },\n                { emoji: \"\ud83d\ude0a\", name: \"Cara sonriente con ojos sonrientes\" }\n            ],\n            objects: [\n                { emoji: \"\u231a\", name: \"Reloj\" },\n                { emoji: \"\ud83d\udcf1\", name: \"Tel\u00e9fono m\u00f3vil\" },\n                { emoji: \"\ud83d\udcbb\", name: \"Computadora port\u00e1til\" },\n                { emoji: \"\u2328\ufe0f\", name: \"Teclado\" },\n                { emoji: \"\ud83d\udda5\ufe0f\", name: \"Computadora de escritorio\" },\n                { emoji: \"\ud83d\udda8\ufe0f\", name: \"Impresora\" },\n                { emoji: \"\ud83d\uddb1\ufe0f\", name: \"Mouse de computadora\" },\n                { emoji: \"\ud83d\uddb2\ufe0f\", name: \"Trackball\" },\n                { emoji: \"\ud83d\udcde\", name: \"Tel\u00e9fono\" },\n                { emoji: \"\ud83d\udcdf\", name: \"Buscador\" },\n                { emoji: \"\ud83d\udce0\", name: \"M\u00e1quina de fax\" },\n                { emoji: \"\ud83d\udcfa\", name: \"Televisi\u00f3n\" }\n            ],\n            symbols: [\n                { emoji: \"\u2764\ufe0f\", name: \"Coraz\u00f3n rojo\" },\n                { emoji: \"\ud83d\udc9b\", name: \"Coraz\u00f3n amarillo\" },\n                { emoji: \"\ud83d\udc9a\", name: \"Coraz\u00f3n verde\" },\n                { emoji: \"\ud83d\udc99\", name: \"Coraz\u00f3n azul\" },\n                { emoji: \"\ud83d\udc9c\", name: \"Coraz\u00f3n p\u00farpura\" },\n                { emoji: \"\ud83d\udda4\", name: \"Coraz\u00f3n negro\" },\n                { emoji: \"\ud83d\udc94\", name: \"Coraz\u00f3n roto\" },\n                { emoji: \"\u2763\ufe0f\", name: \"Exclamaci\u00f3n de coraz\u00f3n\" },\n                { emoji: \"\ud83d\udc95\", name: \"Dos corazones\" },\n                { emoji: \"\ud83d\udc9e\", name: \"Corazones giratorios\" },\n                { emoji: \"\ud83d\udc93\", name: \"Coraz\u00f3n latiendo\" },\n                { emoji: \"\ud83d\udc97\", name: \"Coraz\u00f3n creciente\" }\n            ]\n        };\n\n        \/\/ Funci\u00f3n para cargar emojis en la cuadr\u00edcula\n        function loadEmojis() {\n            const emojiGrid = document.getElementById('emojiGrid');\n            const facesGrid = document.getElementById('facesGrid');\n            const objectsGrid = document.getElementById('objectsGrid');\n            const symbolsGrid = document.getElementById('symbolsGrid');\n\n            \/\/ Cargar emojis populares\n            emojiData.popular.forEach(item => {\n                const emojiCard = createEmojiCard(item.emoji, item.name);\n                emojiGrid.appendChild(emojiCard);\n            });\n\n            \/\/ Cargar emojis de caras\n            emojiData.faces.forEach(item => {\n                const emojiCard = createEmojiCard(item.emoji, item.name);\n                facesGrid.appendChild(emojiCard);\n            });\n\n            \/\/ Cargar emojis de objetos\n            emojiData.objects.forEach(item => {\n                const emojiCard = createEmojiCard(item.emoji, item.name);\n                objectsGrid.appendChild(emojiCard);\n            });\n\n            \/\/ Cargar emojis de s\u00edmbolos\n            emojiData.symbols.forEach(item => {\n                const emojiCard = createEmojiCard(item.emoji, item.name);\n                symbolsGrid.appendChild(emojiCard);\n            });\n        }\n\n        \/\/ Funci\u00f3n para crear una tarjeta de emoji\n        function createEmojiCard(emoji, name) {\n            const emojiCard = document.createElement('div');\n            emojiCard.className = 'emoji-card';\n            emojiCard.innerHTML = `\n                <div class=\"emoji\">${emoji}<\/div>\n                <div class=\"emoji-name\">${name}<\/div>\n            `;\n\n            \/\/ Agregar evento de clic para copiar el emoji\n            emojiCard.addEventListener('click', () => {\n                copyToClipboard(emoji);\n                showNotification(`\u00a1Emoji ${emoji} copiado!`);\n            });\n\n            return emojiCard;\n        }\n\n        \/\/ Funci\u00f3n para copiar texto al portapapeles\n        function copyToClipboard(text) {\n            const textarea = document.createElement('textarea');\n            textarea.value = text;\n            document.body.appendChild(textarea);\n            textarea.select();\n            document.execCommand('copy');\n            document.body.removeChild(textarea);\n        }\n\n        \/\/ Funci\u00f3n para mostrar notificaci\u00f3n\n        function showNotification(message) {\n            const notification = document.getElementById('notification');\n            notification.textContent = message;\n            notification.classList.add('show');\n\n            setTimeout(() => {\n                notification.classList.remove('show');\n            }, 2000);\n        }\n\n        \/\/ Funci\u00f3n para buscar emojis\n        function setupSearch() {\n            const searchBox = document.querySelector('.search-box');\n            searchBox.addEventListener('input', function() {\n                const searchTerm = this.value.toLowerCase();\n                const emojiCards = document.querySelectorAll('.emoji-card');\n                \n                emojiCards.forEach(card => {\n                    const emojiName = card.querySelector('.emoji-name').textContent.toLowerCase();\n                    if (emojiName.includes(searchTerm)) {\n                        card.style.display = 'flex';\n                    } else {\n                        card.style.display = 'none';\n                    }\n                });\n            });\n        }\n\n        \/\/ Inicializar la p\u00e1gina cuando se carga\n        document.addEventListener('DOMContentLoaded', function() {\n            loadEmojis();\n            setupSearch();\n        });\n    <\/script>\n<\/body>\n<\/html>\t\t\t\t<\/div>\n\t\t\t\t<\/div>\n\t\t\t\t\t<\/div>\n\t\t\t\t<\/div>\n\t\t\t\t<\/div>\n\t\t<!-- AddThis Advanced Settings generic via filter on the_content --><!-- AddThis Share Buttons generic via filter on the_content -->","protected":false},"excerpt":{"rendered":"<p>GetEmoji &#8211; Copiar Emojis F\u00e1cilmente GetEmoji Emojis Populares Emojis de Caras y Personas Emojis de Objetos Emojis de S\u00edmbolos \u00a1Emoji copiado! GetEmoji La forma m\u00e1s f\u00e1cil de copiar y pegar emojis. Enlaces R\u00e1pidos Inicio Emojis Populares Todos los Emojis Recursos API Blog Soporte &copy; 2023 GetEmoji. Todos los derechos reservados.<!-- AddThis Advanced Settings generic via filter on get_the_excerpt --><!-- AddThis Share Buttons generic via filter on get_the_excerpt --><\/p>","protected":false},"author":1,"featured_media":0,"parent":0,"menu_order":0,"comment_status":"closed","ping_status":"closed","template":"","meta":{"site-sidebar-layout":"no-sidebar","site-content-layout":"page-builder","ast-site-content-layout":"full-width-container","site-content-style":"default","site-sidebar-style":"default","ast-global-header-display":"","ast-banner-title-visibility":"","ast-main-header-display":"","ast-hfb-above-header-display":"","ast-hfb-below-header-display":"","ast-hfb-mobile-header-display":"","site-post-title":"","ast-breadcrumbs-content":"","ast-featured-img":"disabled","footer-sml-layout":"","ast-disable-related-posts":"","theme-transparent-header-meta":"","adv-header-id-meta":"","stick-header-meta":"","header-above-stick-meta":"","header-main-stick-meta":"","header-below-stick-meta":"","astra-migrate-meta-layouts":"set","ast-page-background-enabled":"default","ast-page-background-meta":{"desktop":{"background-color":"","background-image":"","background-repeat":"repeat","background-position":"center center","background-size":"auto","background-attachment":"scroll","background-type":"","background-media":"","overlay-type":"","overlay-color":"","overlay-opacity":"","overlay-gradient":""},"tablet":{"background-color":"","background-image":"","background-repeat":"repeat","background-position":"center center","background-size":"auto","background-attachment":"scroll","background-type":"","background-media":"","overlay-type":"","overlay-color":"","overlay-opacity":"","overlay-gradient":""},"mobile":{"background-color":"","background-image":"","background-repeat":"repeat","background-position":"center center","background-size":"auto","background-attachment":"scroll","background-type":"","background-media":"","overlay-type":"","overlay-color":"","overlay-opacity":"","overlay-gradient":""}},"ast-content-background-meta":{"desktop":{"background-color":"var(--ast-global-color-5)","background-image":"","background-repeat":"repeat","background-position":"center center","background-size":"auto","background-attachment":"scroll","background-type":"","background-media":"","overlay-type":"","overlay-color":"","overlay-opacity":"","overlay-gradient":""},"tablet":{"background-color":"var(--ast-global-color-5)","background-image":"","background-repeat":"repeat","background-position":"center center","background-size":"auto","background-attachment":"scroll","background-type":"","background-media":"","overlay-type":"","overlay-color":"","overlay-opacity":"","overlay-gradient":""},"mobile":{"background-color":"var(--ast-global-color-5)","background-image":"","background-repeat":"repeat","background-position":"center center","background-size":"auto","background-attachment":"scroll","background-type":"","background-media":"","overlay-type":"","overlay-color":"","overlay-opacity":"","overlay-gradient":""}},"footnotes":""},"class_list":["post-31159","page","type-page","status-publish","hentry"],"_links":{"self":[{"href":"https:\/\/alexrahirant.co\/en\/wp-json\/wp\/v2\/pages\/31159","targetHints":{"allow":["GET"]}}],"collection":[{"href":"https:\/\/alexrahirant.co\/en\/wp-json\/wp\/v2\/pages"}],"about":[{"href":"https:\/\/alexrahirant.co\/en\/wp-json\/wp\/v2\/types\/page"}],"author":[{"embeddable":true,"href":"https:\/\/alexrahirant.co\/en\/wp-json\/wp\/v2\/users\/1"}],"replies":[{"embeddable":true,"href":"https:\/\/alexrahirant.co\/en\/wp-json\/wp\/v2\/comments?post=31159"}],"version-history":[{"count":7,"href":"https:\/\/alexrahirant.co\/en\/wp-json\/wp\/v2\/pages\/31159\/revisions"}],"predecessor-version":[{"id":31172,"href":"https:\/\/alexrahirant.co\/en\/wp-json\/wp\/v2\/pages\/31159\/revisions\/31172"}],"wp:attachment":[{"href":"https:\/\/alexrahirant.co\/en\/wp-json\/wp\/v2\/media?parent=31159"}],"curies":[{"name":"wp","href":"https:\/\/api.w.org\/{rel}","templated":true}]}}