{"id":332,"date":"2019-02-06T11:02:17","date_gmt":"2019-02-06T16:02:17","guid":{"rendered":"http:\/\/alexrahirant.co\/?page_id=332"},"modified":"2020-02-27T14:51:07","modified_gmt":"2020-02-27T19:51:07","slug":"diseno-web-web-design","status":"publish","type":"page","link":"https:\/\/alexrahirant.co\/en\/portafolio-personal\/diseno-web-web-design\/","title":{"rendered":"Web Design"},"content":{"rendered":"<div data-elementor-type=\"wp-page\" data-elementor-id=\"332\" class=\"elementor elementor-332\" data-elementor-settings=\"{&quot;ha_cmc_init_switcher&quot;:&quot;no&quot;}\" data-elementor-post-type=\"page\">\n\t\t\t\t\t\t<section class=\"elementor-section elementor-top-section elementor-element elementor-element-7ca0185f elementor-section-boxed elementor-section-height-default elementor-section-height-default\" data-id=\"7ca0185f\" data-element_type=\"section\" data-settings=\"{&quot;_ha_eqh_enable&quot;:false}\">\n\t\t\t\t\t\t<div class=\"elementor-container elementor-column-gap-default\">\n\t\t\t\t\t<div class=\"elementor-column elementor-col-100 elementor-top-column elementor-element elementor-element-45510665\" data-id=\"45510665\" data-element_type=\"column\">\n\t\t\t<div class=\"elementor-widget-wrap elementor-element-populated\">\n\t\t\t\t\t\t<div class=\"elementor-element elementor-element-22844aa elementor-widget elementor-widget-text-editor\" data-id=\"22844aa\" data-element_type=\"widget\" data-widget_type=\"text-editor.default\">\n\t\t\t\t<div class=\"elementor-widget-container\">\n\t\t\t\t\t\t\t\t\t<p>Web Design Projects developed with the government and private clients. Mockups development and diagramming study for the different sites for different websites.<\/p>\t\t\t\t\t\t\t\t<\/div>\n\t\t\t\t<\/div>\n\t\t\t\t<div class=\"elementor-element elementor-element-3ee3737 elementor-arrows-position-inside elementor-widget elementor-widget-image-carousel\" data-id=\"3ee3737\" data-element_type=\"widget\" data-settings=\"{&quot;slides_to_show&quot;:&quot;1&quot;,&quot;navigation&quot;:&quot;arrows&quot;,&quot;effect&quot;:&quot;fade&quot;,&quot;autoplay&quot;:&quot;yes&quot;,&quot;pause_on_hover&quot;:&quot;yes&quot;,&quot;pause_on_interaction&quot;:&quot;yes&quot;,&quot;autoplay_speed&quot;:5000,&quot;infinite&quot;:&quot;yes&quot;,&quot;speed&quot;:500}\" data-widget_type=\"image-carousel.default\">\n\t\t\t\t<div class=\"elementor-widget-container\">\n\t\t\t\t\t\t\t<div class=\"elementor-image-carousel-wrapper swiper\" role=\"region\" aria-roledescription=\"carousel\" aria-label=\"Carrusel de im\u00e1genes\" dir=\"ltr\">\n\t\t\t<div class=\"elementor-image-carousel swiper-wrapper\" aria-live=\"off\">\n\t\t\t\t\t\t\t\t<div class=\"swiper-slide\" role=\"group\" aria-roledescription=\"slide\" aria-label=\"1 of 8\"><a data-elementor-open-lightbox=\"yes\" data-elementor-lightbox-slideshow=\"3ee3737\" data-elementor-lightbox-title=\"Comision - prensa - galeria - detalle\" data-e-action-hash=\"#elementor-action%3Aaction%3Dlightbox%26settings%3DeyJpZCI6MzM1LCJ1cmwiOiJodHRwczpcL1wvYWxleHJhaGlyYW50LmNvXC93cC1jb250ZW50XC91cGxvYWRzXC8yMDE5XC8wMlwvQ29taXNpb24tcHJlbnNhLWdhbGVyaWEtZGV0YWxsZS1lMTU3Njg3MjgxNjU3NS5qcGciLCJzbGlkZXNob3ciOiIzZWUzNzM3In0%3D\" href=\"https:\/\/alexrahirant.co\/wp-content\/uploads\/2019\/02\/Comision-prensa-galeria-detalle-e1576872816575.jpg\"><figure class=\"swiper-slide-inner\"><img decoding=\"async\" class=\"swiper-slide-image\" src=\"https:\/\/alexrahirant.co\/wp-content\/uploads\/2019\/02\/Comision-prensa-galeria-detalle-593x1024.jpg\" alt=\"Camara de Representantes - Dise\u00f1o - Alexrahirant\" \/><figcaption class=\"elementor-image-carousel-caption\">Camara de Representantes - Dise\u00f1o<\/figcaption><\/figure><\/a><\/div><div class=\"swiper-slide\" role=\"group\" aria-roledescription=\"slide\" aria-label=\"2 of 8\"><a data-elementor-open-lightbox=\"yes\" data-elementor-lightbox-slideshow=\"3ee3737\" data-elementor-lightbox-title=\"congreso - nuestro congreso - que es\" data-e-action-hash=\"#elementor-action%3Aaction%3Dlightbox%26settings%3DeyJpZCI6MzM2LCJ1cmwiOiJodHRwczpcL1wvYWxleHJhaGlyYW50LmNvXC93cC1jb250ZW50XC91cGxvYWRzXC8yMDE5XC8wMlwvY29uZ3Jlc28tbnVlc3Ryby1jb25ncmVzby1xdWUtZXMtZTE1NzY4NzI4NjYxNzkuanBnIiwic2xpZGVzaG93IjoiM2VlMzczNyJ9\" href=\"https:\/\/alexrahirant.co\/wp-content\/uploads\/2019\/02\/congreso-nuestro-congreso-que-es-e1576872866179.jpg\"><figure class=\"swiper-slide-inner\"><img decoding=\"async\" class=\"swiper-slide-image\" src=\"https:\/\/alexrahirant.co\/wp-content\/uploads\/2019\/02\/congreso-nuestro-congreso-que-es-833x1024.jpg\" alt=\"Congreso de Colombia - Dise\u00f1o - Alexrahirant\" \/><figcaption class=\"elementor-image-carousel-caption\">Congreso de Colombia - Dise\u00f1o<\/figcaption><\/figure><\/a><\/div><div class=\"swiper-slide\" role=\"group\" aria-roledescription=\"slide\" aria-label=\"3 of 8\"><a data-elementor-open-lightbox=\"yes\" data-elementor-lightbox-slideshow=\"3ee3737\" data-elementor-lightbox-title=\"3\" data-e-action-hash=\"#elementor-action%3Aaction%3Dlightbox%26settings%3DeyJpZCI6MzM3LCJ1cmwiOiJodHRwczpcL1wvYWxleHJhaGlyYW50LmNvXC93cC1jb250ZW50XC91cGxvYWRzXC8yMDE5XC8wMlwvMy1lMTU3Njg3MjY1NTQ2MC5wbmciLCJzbGlkZXNob3ciOiIzZWUzNzM3In0%3D\" href=\"https:\/\/alexrahirant.co\/wp-content\/uploads\/2019\/02\/3-e1576872655460.png\"><figure class=\"swiper-slide-inner\"><img decoding=\"async\" class=\"swiper-slide-image\" src=\"https:\/\/alexrahirant.co\/wp-content\/uploads\/2019\/02\/3-1024x795.png\" alt=\"PQS - SIC - Dise\u00f1o - Alexrahirant\" \/><figcaption class=\"elementor-image-carousel-caption\">PQS - SIC<\/figcaption><\/figure><\/a><\/div><div class=\"swiper-slide\" role=\"group\" aria-roledescription=\"slide\" aria-label=\"4 of 8\"><a data-elementor-open-lightbox=\"yes\" data-elementor-lightbox-slideshow=\"3ee3737\" data-elementor-lightbox-title=\"Bienvenido-a-Global\" data-e-action-hash=\"#elementor-action%3Aaction%3Dlightbox%26settings%3DeyJpZCI6MzM4LCJ1cmwiOiJodHRwczpcL1wvYWxleHJhaGlyYW50LmNvXC93cC1jb250ZW50XC91cGxvYWRzXC8yMDE5XC8wMlwvQmllbnZlbmlkby1hLUdsb2JhbC1lMTU3Njg3MjY3MzUyMy5wbmciLCJzbGlkZXNob3ciOiIzZWUzNzM3In0%3D\" href=\"https:\/\/alexrahirant.co\/wp-content\/uploads\/2019\/02\/Bienvenido-a-Global-e1576872673523.png\"><figure class=\"swiper-slide-inner\"><img decoding=\"async\" class=\"swiper-slide-image\" src=\"https:\/\/alexrahirant.co\/wp-content\/uploads\/2019\/02\/Bienvenido-a-Global-1024x907.png\" alt=\"Landing page- Global Seguros - Alexrahirant\" \/><figcaption class=\"elementor-image-carousel-caption\">Landing page- Global Seguros<\/figcaption><\/figure><\/a><\/div><div class=\"swiper-slide\" role=\"group\" aria-roledescription=\"slide\" aria-label=\"5 of 8\"><a data-elementor-open-lightbox=\"yes\" data-elementor-lightbox-slideshow=\"3ee3737\" data-elementor-lightbox-title=\"9.11 - INFORME CAMBIOS EN EL HARDWARE\" data-e-action-hash=\"#elementor-action%3Aaction%3Dlightbox%26settings%3DeyJpZCI6MzM5LCJ1cmwiOiJodHRwczpcL1wvYWxleHJhaGlyYW50LmNvXC93cC1jb250ZW50XC91cGxvYWRzXC8yMDE5XC8wMlwvOS4xMS1JTkZPUk1FLUNBTUJJT1MtRU4tRUwtSEFSRFdBUkUtZTE1NzY4NzI2ODg1MDkuanBnIiwic2xpZGVzaG93IjoiM2VlMzczNyJ9\" href=\"https:\/\/alexrahirant.co\/wp-content\/uploads\/2019\/02\/9.11-INFORME-CAMBIOS-EN-EL-HARDWARE-e1576872688509.jpg\"><figure class=\"swiper-slide-inner\"><img decoding=\"async\" class=\"swiper-slide-image\" src=\"https:\/\/alexrahirant.co\/wp-content\/uploads\/2019\/02\/9.11-INFORME-CAMBIOS-EN-EL-HARDWARE-996x1024.jpg\" alt=\"SimonTIC - MinTic - Alexrahirant\" \/><figcaption class=\"elementor-image-carousel-caption\">SimonTIC - MinTic<\/figcaption><\/figure><\/a><\/div><div class=\"swiper-slide\" role=\"group\" aria-roledescription=\"slide\" aria-label=\"6 of 8\"><a data-elementor-open-lightbox=\"yes\" data-elementor-lightbox-slideshow=\"3ee3737\" data-elementor-lightbox-title=\"HU1.13_CONSULTA POR EL CODIGO UNICO DE PREGUNTA_f\" data-e-action-hash=\"#elementor-action%3Aaction%3Dlightbox%26settings%3DeyJpZCI6MzQwLCJ1cmwiOiJodHRwczpcL1wvYWxleHJhaGlyYW50LmNvXC93cC1jb250ZW50XC91cGxvYWRzXC8yMDE5XC8wMlwvSFUxLjEzX0NPTlNVTFRBLVBPUi1FTC1DT0RJR08tVU5JQ08tREUtUFJFR1VOVEFfZi1lMTU3Njg3MjcyNTI5OC5naWYiLCJzbGlkZXNob3ciOiIzZWUzNzM3In0%3D\" href=\"https:\/\/alexrahirant.co\/wp-content\/uploads\/2019\/02\/HU1.13_CONSULTA-POR-EL-CODIGO-UNICO-DE-PREGUNTA_f-e1576872725298.gif\"><figure class=\"swiper-slide-inner\"><img decoding=\"async\" class=\"swiper-slide-image\" src=\"https:\/\/alexrahirant.co\/wp-content\/uploads\/2019\/02\/HU1.13_CONSULTA-POR-EL-CODIGO-UNICO-DE-PREGUNTA_f-894x1024.gif\" alt=\"Urna de Cristal - Presidencia de la Rep\u00fablica - Dise\u00f1o - Alexrahirant\" \/><figcaption class=\"elementor-image-carousel-caption\">Urna de Cristal - Presidencia de la Rep\u00fablica<\/figcaption><\/figure><\/a><\/div><div class=\"swiper-slide\" role=\"group\" aria-roledescription=\"slide\" aria-label=\"7 of 8\"><a data-elementor-open-lightbox=\"yes\" data-elementor-lightbox-slideshow=\"3ee3737\" data-elementor-lightbox-title=\"index\" data-e-action-hash=\"#elementor-action%3Aaction%3Dlightbox%26settings%3DeyJpZCI6MzQxLCJ1cmwiOiJodHRwczpcL1wvYWxleHJhaGlyYW50LmNvXC93cC1jb250ZW50XC91cGxvYWRzXC8yMDE5XC8wMlwvaW5kZXgtZTE1NzY4NzI3NDAyMjQucG5nIiwic2xpZGVzaG93IjoiM2VlMzczNyJ9\" href=\"https:\/\/alexrahirant.co\/wp-content\/uploads\/2019\/02\/index-e1576872740224.png\"><figure class=\"swiper-slide-inner\"><img decoding=\"async\" class=\"swiper-slide-image\" src=\"https:\/\/alexrahirant.co\/wp-content\/uploads\/2019\/02\/index-1024x788.png\" alt=\"Portal de Tr\u00e1mites - SNR - Alexrahirant\" \/><figcaption class=\"elementor-image-carousel-caption\">Portal de Tr\u00e1mites - SNR<\/figcaption><\/figure><\/a><\/div><div class=\"swiper-slide\" role=\"group\" aria-roledescription=\"slide\" aria-label=\"8 of 8\"><a data-elementor-open-lightbox=\"yes\" data-elementor-lightbox-slideshow=\"3ee3737\" data-elementor-lightbox-title=\"Bienvenido-a-la-p\u00e1gina-de-la-Ventanilla-Unificada-de-Denuncias---VUD\" data-e-action-hash=\"#elementor-action%3Aaction%3Dlightbox%26settings%3DeyJpZCI6MzQyLCJ1cmwiOiJodHRwczpcL1wvYWxleHJhaGlyYW50LmNvXC93cC1jb250ZW50XC91cGxvYWRzXC8yMDE5XC8wMlwvQmllbnZlbmlkby1hLWxhLXBcdTAwZTFnaW5hLWRlLWxhLVZlbnRhbmlsbGEtVW5pZmljYWRhLWRlLURlbnVuY2lhcy1WVUQtZTE1NzY4NzI3NjU4NTcucG5nIiwic2xpZGVzaG93IjoiM2VlMzczNyJ9\" href=\"https:\/\/alexrahirant.co\/wp-content\/uploads\/2019\/02\/Bienvenido-a-la-p\u00e1gina-de-la-Ventanilla-Unificada-de-Denuncias-VUD-e1576872765857.png\"><figure class=\"swiper-slide-inner\"><img decoding=\"async\" class=\"swiper-slide-image\" src=\"https:\/\/alexrahirant.co\/wp-content\/uploads\/2019\/02\/Bienvenido-a-la-p\u00e1gina-de-la-Ventanilla-Unificada-de-Denuncias-VUD-780x1024.png\" alt=\"Ventanilla Unificada de Denuncias - Dise\u00f1o - Alexrahirant\" \/><figcaption class=\"elementor-image-carousel-caption\">Ventanilla Unificada de Denuncias<\/figcaption><\/figure><\/a><\/div>\t\t\t<\/div>\n\t\t\t\t\t\t\t\t\t\t\t\t<div class=\"elementor-swiper-button elementor-swiper-button-prev\" role=\"button\" tabindex=\"0\">\n\t\t\t\t\t\t<i aria-hidden=\"true\" class=\"eicon-chevron-left\"><\/i>\t\t\t\t\t<\/div>\n\t\t\t\t\t<div class=\"elementor-swiper-button elementor-swiper-button-next\" role=\"button\" tabindex=\"0\">\n\t\t\t\t\t\t<i aria-hidden=\"true\" class=\"eicon-chevron-right\"><\/i>\t\t\t\t\t<\/div>\n\t\t\t\t\n\t\t\t\t\t\t\t\t\t<\/div>\n\t\t\t\t\t\t<\/div>\n\t\t\t\t<\/div>\n\t\t\t\t\t<\/div>\n\t\t<\/div>\n\t\t\t\t\t<\/div>\n\t\t<\/section>\n\t\t\t\t<\/div>\n\t\t<!-- AddThis Advanced Settings generic via filter on the_content --><!-- AddThis Share Buttons generic via filter on the_content -->","protected":false},"excerpt":{"rendered":"<p>Proyectos de Dise\u00f1o web desarrollados con clientes estatales y privados. Desarrollo de mockups y estudio de diagramaci\u00f3n para los diferentes sitios en internet. Camara de Representantes &#8211; Dise\u00f1o Congreso de Colombia &#8211; Dise\u00f1o PQS &#8211; SIC Landing page- Global Seguros SimonTIC &#8211; MinTic Urna de Cristal &#8211; Presidencia de la Rep\u00fablica Portal de Tr\u00e1mites &#8211; [&hellip;]<!-- AddThis Advanced Settings generic via filter on get_the_excerpt --><!-- AddThis Share Buttons generic via filter on get_the_excerpt --><\/p>","protected":false},"author":2,"featured_media":0,"parent":14,"menu_order":0,"comment_status":"closed","ping_status":"closed","template":"","meta":{"site-sidebar-layout":"default","site-content-layout":"","ast-site-content-layout":"default","site-content-style":"default","site-sidebar-style":"default","ast-global-header-display":"","ast-banner-title-visibility":"","ast-main-header-display":"","ast-hfb-above-header-display":"","ast-hfb-below-header-display":"","ast-hfb-mobile-header-display":"","site-post-title":"","ast-breadcrumbs-content":"","ast-featured-img":"","footer-sml-layout":"","ast-disable-related-posts":"","theme-transparent-header-meta":"","adv-header-id-meta":"","stick-header-meta":"","header-above-stick-meta":"","header-main-stick-meta":"","header-below-stick-meta":"","astra-migrate-meta-layouts":"default","ast-page-background-enabled":"default","ast-page-background-meta":{"desktop":{"background-color":"","background-image":"","background-repeat":"repeat","background-position":"center center","background-size":"auto","background-attachment":"scroll","background-type":"","background-media":"","overlay-type":"","overlay-color":"","overlay-opacity":"","overlay-gradient":""},"tablet":{"background-color":"","background-image":"","background-repeat":"repeat","background-position":"center center","background-size":"auto","background-attachment":"scroll","background-type":"","background-media":"","overlay-type":"","overlay-color":"","overlay-opacity":"","overlay-gradient":""},"mobile":{"background-color":"","background-image":"","background-repeat":"repeat","background-position":"center center","background-size":"auto","background-attachment":"scroll","background-type":"","background-media":"","overlay-type":"","overlay-color":"","overlay-opacity":"","overlay-gradient":""}},"ast-content-background-meta":{"desktop":{"background-color":"var(--ast-global-color-5)","background-image":"","background-repeat":"repeat","background-position":"center center","background-size":"auto","background-attachment":"scroll","background-type":"","background-media":"","overlay-type":"","overlay-color":"","overlay-opacity":"","overlay-gradient":""},"tablet":{"background-color":"var(--ast-global-color-5)","background-image":"","background-repeat":"repeat","background-position":"center center","background-size":"auto","background-attachment":"scroll","background-type":"","background-media":"","overlay-type":"","overlay-color":"","overlay-opacity":"","overlay-gradient":""},"mobile":{"background-color":"var(--ast-global-color-5)","background-image":"","background-repeat":"repeat","background-position":"center center","background-size":"auto","background-attachment":"scroll","background-type":"","background-media":"","overlay-type":"","overlay-color":"","overlay-opacity":"","overlay-gradient":""}},"footnotes":""},"class_list":["post-332","page","type-page","status-publish","hentry"],"_links":{"self":[{"href":"https:\/\/alexrahirant.co\/en\/wp-json\/wp\/v2\/pages\/332","targetHints":{"allow":["GET"]}}],"collection":[{"href":"https:\/\/alexrahirant.co\/en\/wp-json\/wp\/v2\/pages"}],"about":[{"href":"https:\/\/alexrahirant.co\/en\/wp-json\/wp\/v2\/types\/page"}],"author":[{"embeddable":true,"href":"https:\/\/alexrahirant.co\/en\/wp-json\/wp\/v2\/users\/2"}],"replies":[{"embeddable":true,"href":"https:\/\/alexrahirant.co\/en\/wp-json\/wp\/v2\/comments?post=332"}],"version-history":[{"count":0,"href":"https:\/\/alexrahirant.co\/en\/wp-json\/wp\/v2\/pages\/332\/revisions"}],"up":[{"embeddable":true,"href":"https:\/\/alexrahirant.co\/en\/wp-json\/wp\/v2\/pages\/14"}],"wp:attachment":[{"href":"https:\/\/alexrahirant.co\/en\/wp-json\/wp\/v2\/media?parent=332"}],"curies":[{"name":"wp","href":"https:\/\/api.w.org\/{rel}","templated":true}]}}