{"id":9,"date":"2018-07-25T16:34:04","date_gmt":"2018-07-25T16:34:04","guid":{"rendered":"https:\/\/websitedemos.net\/alex15\/?page_id=9"},"modified":"2024-04-01T17:24:56","modified_gmt":"2024-04-01T22:24:56","slug":"contacto","status":"publish","type":"page","link":"https:\/\/alexrahirant.co\/en\/contacto\/","title":{"rendered":"Contact"},"content":{"rendered":"<div data-elementor-type=\"wp-post\" data-elementor-id=\"9\" class=\"elementor elementor-9\" data-elementor-settings=\"{&quot;ha_cmc_init_switcher&quot;:&quot;no&quot;}\" data-elementor-post-type=\"page\">\n\t\t\t\t\t\t<section class=\"elementor-section elementor-top-section elementor-element elementor-element-30ec736 elementor-section-content-middle elementor-section-boxed elementor-section-height-default elementor-section-height-default\" data-id=\"30ec736\" data-element_type=\"section\" data-settings=\"{&quot;background_background&quot;:&quot;classic&quot;,&quot;_ha_eqh_enable&quot;:false}\">\n\t\t\t\t\t\t\t<div class=\"elementor-background-overlay\"><\/div>\n\t\t\t\t\t\t\t<div class=\"elementor-container elementor-column-gap-no\">\n\t\t\t\t\t<div class=\"elementor-column elementor-col-100 elementor-top-column elementor-element elementor-element-9a7e094\" data-id=\"9a7e094\" data-element_type=\"column\">\n\t\t\t<div class=\"elementor-widget-wrap elementor-element-populated\">\n\t\t\t\t\t\t<div class=\"elementor-element elementor-element-edcd54f elementor-widget elementor-widget-heading\" data-id=\"edcd54f\" data-element_type=\"widget\" data-widget_type=\"heading.default\">\n\t\t\t\t<div class=\"elementor-widget-container\">\n\t\t\t\t\t<h6 class=\"elementor-heading-title elementor-size-default\">Si desea m\u00e1s informaci\u00f3n o requiere alguno de nuestros servicios<\/h6>\t\t\t\t<\/div>\n\t\t\t\t<\/div>\n\t\t\t\t<div class=\"elementor-element elementor-element-ccd0bb2 elementor-widget-divider--view-line elementor-widget elementor-widget-divider\" data-id=\"ccd0bb2\" data-element_type=\"widget\" data-widget_type=\"divider.default\">\n\t\t\t\t<div class=\"elementor-widget-container\">\n\t\t\t\t\t\t\t<div class=\"elementor-divider\">\n\t\t\t<span class=\"elementor-divider-separator\">\n\t\t\t\t\t\t<\/span>\n\t\t<\/div>\n\t\t\t\t\t\t<\/div>\n\t\t\t\t<\/div>\n\t\t\t\t<div class=\"elementor-element elementor-element-178fc2a elementor-widget elementor-widget-heading\" data-id=\"178fc2a\" data-element_type=\"widget\" data-widget_type=\"heading.default\">\n\t\t\t\t<div class=\"elementor-widget-container\">\n\t\t\t\t\t<h1 class=\"elementor-heading-title elementor-size-default\">Contact Us<\/h1>\t\t\t\t<\/div>\n\t\t\t\t<\/div>\n\t\t\t\t\t<\/div>\n\t\t<\/div>\n\t\t\t\t\t<\/div>\n\t\t<\/section>\n\t\t\t\t<section class=\"elementor-section elementor-top-section elementor-element elementor-element-2639809 elementor-section-content-top elementor-section-boxed elementor-section-height-default elementor-section-height-default\" data-id=\"2639809\" data-element_type=\"section\" data-settings=\"{&quot;_ha_eqh_enable&quot;:false}\">\n\t\t\t\t\t\t<div class=\"elementor-container elementor-column-gap-no\">\n\t\t\t\t\t<div class=\"elementor-column elementor-col-50 elementor-top-column elementor-element elementor-element-2766953\" data-id=\"2766953\" data-element_type=\"column\" data-settings=\"{&quot;background_background&quot;:&quot;classic&quot;}\">\n\t\t\t<div class=\"elementor-widget-wrap elementor-element-populated\">\n\t\t\t\t\t<div class=\"elementor-background-overlay\"><\/div>\n\t\t\t\t\t\t<div class=\"elementor-element elementor-element-0c29609 elementor-widget elementor-widget-heading\" data-id=\"0c29609\" data-element_type=\"widget\" data-widget_type=\"heading.default\">\n\t\t\t\t<div class=\"elementor-widget-container\">\n\t\t\t\t\t<h6 class=\"elementor-heading-title elementor-size-default\">Let\u00b4s work Together<\/h6>\t\t\t\t<\/div>\n\t\t\t\t<\/div>\n\t\t\t\t<div class=\"elementor-element elementor-element-3a6a490 elementor-widget-divider--view-line elementor-widget elementor-widget-divider\" data-id=\"3a6a490\" data-element_type=\"widget\" data-widget_type=\"divider.default\">\n\t\t\t\t<div class=\"elementor-widget-container\">\n\t\t\t\t\t\t\t<div class=\"elementor-divider\">\n\t\t\t<span class=\"elementor-divider-separator\">\n\t\t\t\t\t\t<\/span>\n\t\t<\/div>\n\t\t\t\t\t\t<\/div>\n\t\t\t\t<\/div>\n\t\t\t\t<div class=\"elementor-element elementor-element-0bd35a6 elementor-widget elementor-widget-heading\" data-id=\"0bd35a6\" data-element_type=\"widget\" data-widget_type=\"heading.default\">\n\t\t\t\t<div class=\"elementor-widget-container\">\n\t\t\t\t\t<h2 class=\"elementor-heading-title elementor-size-default\">Su negocio est\u00e1 a un solo clic del \u00e9xito.<\/h2>\t\t\t\t<\/div>\n\t\t\t\t<\/div>\n\t\t\t\t<div class=\"elementor-element elementor-element-541a757 elementor-widget elementor-widget-text-editor\" data-id=\"541a757\" data-element_type=\"widget\" data-widget_type=\"text-editor.default\">\n\t\t\t\t<div class=\"elementor-widget-container\">\n\t\t\t\t\t\t\t\t\tThrough the correct handling of symbols, icons, logos, images and strategies we can improve the reach of your company towards your customers.\t\t\t\t\t\t\t\t<\/div>\n\t\t\t\t<\/div>\n\t\t\t\t<div class=\"elementor-element elementor-element-ef314dd elementor-widget elementor-widget-heading\" data-id=\"ef314dd\" data-element_type=\"widget\" data-widget_type=\"heading.default\">\n\t\t\t\t<div class=\"elementor-widget-container\">\n\t\t\t\t\t<h6 class=\"elementor-heading-title elementor-size-default\">Contact through<\/h6>\t\t\t\t<\/div>\n\t\t\t\t<\/div>\n\t\t\t\t<div class=\"elementor-element elementor-element-e6f9b45 elementor-widget-divider--view-line elementor-widget elementor-widget-divider\" data-id=\"e6f9b45\" data-element_type=\"widget\" data-widget_type=\"divider.default\">\n\t\t\t\t<div class=\"elementor-widget-container\">\n\t\t\t\t\t\t\t<div class=\"elementor-divider\">\n\t\t\t<span class=\"elementor-divider-separator\">\n\t\t\t\t\t\t<\/span>\n\t\t<\/div>\n\t\t\t\t\t\t<\/div>\n\t\t\t\t<\/div>\n\t\t\t\t<div class=\"elementor-element elementor-element-5410791 elementor-icon-list--layout-traditional elementor-list-item-link-full_width elementor-widget elementor-widget-icon-list\" data-id=\"5410791\" data-element_type=\"widget\" data-widget_type=\"icon-list.default\">\n\t\t\t\t<div class=\"elementor-widget-container\">\n\t\t\t\t\t\t\t<ul class=\"elementor-icon-list-items\">\n\t\t\t\t\t\t\t<li class=\"elementor-icon-list-item\">\n\t\t\t\t\t\t\t\t\t\t\t<span class=\"elementor-icon-list-icon\">\n\t\t\t\t\t\t\t<i aria-hidden=\"true\" class=\"far fa-envelope\"><\/i>\t\t\t\t\t\t<\/span>\n\t\t\t\t\t\t\t\t\t\t<span class=\"elementor-icon-list-text\">alexrahirant@gmail.com<\/span>\n\t\t\t\t\t\t\t\t\t<\/li>\n\t\t\t\t\t\t\t\t<li class=\"elementor-icon-list-item\">\n\t\t\t\t\t\t\t\t\t\t\t<span class=\"elementor-icon-list-icon\">\n\t\t\t\t\t\t\t<i aria-hidden=\"true\" class=\"fas fa-phone\"><\/i>\t\t\t\t\t\t<\/span>\n\t\t\t\t\t\t\t\t\t\t<span class=\"elementor-icon-list-text\">+57-305 4090037<\/span>\n\t\t\t\t\t\t\t\t\t<\/li>\n\t\t\t\t\t\t\t\t<li class=\"elementor-icon-list-item\">\n\t\t\t\t\t\t\t\t\t\t\t<span class=\"elementor-icon-list-icon\">\n\t\t\t\t\t\t\t<i aria-hidden=\"true\" class=\"fas fa-location-arrow\"><\/i>\t\t\t\t\t\t<\/span>\n\t\t\t\t\t\t\t\t\t\t<span class=\"elementor-icon-list-text\">Bogot\u00e1, Colombia<\/span>\n\t\t\t\t\t\t\t\t\t<\/li>\n\t\t\t\t\t\t<\/ul>\n\t\t\t\t\t\t<\/div>\n\t\t\t\t<\/div>\n\t\t\t\t<div class=\"elementor-element elementor-element-3258582 elementor-widget elementor-widget-html\" data-id=\"3258582\" data-element_type=\"widget\" data-widget_type=\"html.default\">\n\t\t\t\t<div class=\"elementor-widget-container\">\n\t\t\t\t\t<ul id=\"\" class=\"cnss-social-icon\" style=\"text-align:center; text-align:-webkit-center; align-self:center; margin: 0 auto;\">\t\t<li class=\"cn-fa-facebook cn-fa-icon\" style=\"display:inline-block;\"><a class=\"\" target=\"_blank\" href=\"https:\/\/bit.ly\/alexrahirantco_facebook_page\" title=\"Facebook\" style=\"width:36px;height:36px;padding:6px 0;margin:3px;color: #ffffff;border-radius: 10%;\" rel=\"noopener\"><i title=\"Facebook\" style=\"font-size:24px;\" class=\"fa fa-facebook\"><\/i><\/a><\/li>\t\t<li class=\"cn-fa-x cn-fa-icon\" style=\"display:inline-block;\"><a class=\"\" target=\"_blank\" href=\"https:\/\/twitter.com\/AlexRahirant\" title=\"X\" style=\"width:36px;height:36px;padding:6px 0;margin:3px;color: #ffffff;border-radius: 10%;\" rel=\"noopener\"><i title=\"X\" style=\"font-size:24px;\" class=\"fa fa-twitter\"><\/i><\/a><\/li>\t\t<li class=\"cn-fa-linkedin cn-fa-icon\" style=\"display:inline-block;\"><a class=\"\" target=\"_blank\" href=\"http:\/\/bit.ly\/LinkeAlex\" title=\"LinkedIn\" style=\"width:36px;height:36px;padding:6px 0;margin:3px;color: #ffffff;border-radius: 10%;\" rel=\"noopener\"><i title=\"LinkedIn\" style=\"font-size:24px;\" class=\"fa fa-linkedin\"><\/i><\/a><\/li>\t\t<li class=\"cn-fa-youtube cn-fa-icon\" style=\"display:inline-block;\"><a class=\"\" target=\"_blank\" href=\"http:\/\/bit.ly\/You2Alex\" title=\"YouTube\" style=\"width:36px;height:36px;padding:6px 0;margin:3px;color: #ffffff;border-radius: 10%;\" rel=\"noopener\"><i title=\"YouTube\" style=\"font-size:24px;\" class=\"fab fa-youtube\"><\/i><\/a><\/li>\t\t<li class=\"cn-fa-instagram cn-fa-icon\" style=\"display:inline-block;\"><a class=\"\" target=\"_blank\" href=\"http:\/\/bit.ly\/InstagAlex\" title=\"Instagram\" style=\"width:36px;height:36px;padding:6px 0;margin:3px;color: #ffffff;border-radius: 10%;\" rel=\"noopener\"><i title=\"Instagram\" style=\"font-size:24px;\" class=\"fab fa-instagram\"><\/i><\/a><\/li>\t\t<li class=\"cn-fa-quora cn-fa-icon\" style=\"display:inline-block;\"><a class=\"\" target=\"_blank\" href=\"http:\/\/bit.ly\/quoAlex\" title=\"Quora\" style=\"width:36px;height:36px;padding:6px 0;margin:3px;color: #ffffff;border-radius: 10%;\" rel=\"noopener\"><i title=\"Quora\" style=\"font-size:24px;\" class=\"fab fa-quora\"><\/i><\/a><\/li>\t\t<li class=\"cn-fa-behance cn-fa-icon\" style=\"display:inline-block;\"><a class=\"\" target=\"_blank\" href=\"http:\/\/bit.ly\/BehAlex\" title=\"Behance\" style=\"width:36px;height:36px;padding:6px 0;margin:3px;color: #ffffff;border-radius: 10%;\" rel=\"noopener\"><i title=\"Behance\" style=\"font-size:24px;\" class=\"fab fa-behance\"><\/i><\/a><\/li>\t\t<li class=\"cn-fa-pinterest cn-fa-icon\" style=\"display:inline-block;\"><a class=\"\" target=\"_blank\" href=\"http:\/\/bit.ly\/PintAlex\" title=\"Pinterest\" style=\"width:36px;height:36px;padding:6px 0;margin:3px;color: #ffffff;border-radius: 10%;\" rel=\"noopener\"><i title=\"Pinterest\" style=\"font-size:24px;\" class=\"fab fa-pinterest-p\"><\/i><\/a><\/li><\/ul>\r\n\t\r\n\t\t\t\t\t<\/div>\n\t\t\t\t<\/div>\n\t\t\t\t\t<\/div>\n\t\t<\/div>\n\t\t\t\t<div class=\"elementor-column elementor-col-50 elementor-top-column elementor-element elementor-element-b02588f\" data-id=\"b02588f\" data-element_type=\"column\" data-settings=\"{&quot;background_background&quot;:&quot;classic&quot;}\">\n\t\t\t<div class=\"elementor-widget-wrap elementor-element-populated\">\n\t\t\t\t\t\t<div class=\"elementor-element elementor-element-973de6d elementor-widget elementor-widget-text-editor\" data-id=\"973de6d\" data-element_type=\"widget\" data-widget_type=\"text-editor.default\">\n\t\t\t\t<div class=\"elementor-widget-container\">\n\t\t\t\t\t\t\t\t\tReserve una <span style=\"color: #ff9400;\">sesi\u00f3n gratuita de 40 minutos conmigo por zoom<\/span>\u00a0a trav\u00e9s de Calendly.\t\t\t\t\t\t\t\t<\/div>\n\t\t\t\t<\/div>\n\t\t\t\t<div class=\"elementor-element elementor-element-dcf7f90 elementor-widget elementor-widget-html\" data-id=\"dcf7f90\" data-element_type=\"widget\" data-widget_type=\"html.default\">\n\t\t\t\t<div class=\"elementor-widget-container\">\n\t\t\t\t\t<!-- Principio del widget integrado de Calendly -->\r\n<div class=\"calendly-inline-widget\" data-url=\"https:\/\/calendly.com\/alexrahirant\" style=\"min-width:320px;height:700px;\"><\/div>\r\n<script type=\"text\/javascript\" src=\"https:\/\/assets.calendly.com\/assets\/external\/widget.js\" async><\/script>\r\n<!-- Final del widget integrado de Calendly -->\t\t\t\t<\/div>\n\t\t\t\t<\/div>\n\t\t\t\t\t<\/div>\n\t\t<\/div>\n\t\t\t\t\t<\/div>\n\t\t<\/section>\n\t\t\t\t<\/div>\n\t\t<!-- AddThis Advanced Settings generic via filter on the_content --><!-- AddThis Share Buttons generic via filter on the_content -->","protected":false},"excerpt":{"rendered":"<p>Si desea m\u00e1s informaci\u00f3n o requiere alguno de nuestros servicios Cont\u00e1ctenos Trabajemos Su negocio est\u00e1 a un solo clic del \u00e9xito. Mediante el correcto manejo de los simbolos, iconos, logos, im\u00e1genes y estrategias podemos mejorar el alcance de su empresa hacia sus clientes. Otros Medios de Contacto alexrahirant@gmail.com +57-305 4090037 Bogot\u00e1, Colombia Reserve una sesi\u00f3n [&hellip;]<!-- AddThis Advanced Settings generic via filter on get_the_excerpt --><!-- AddThis Share Buttons generic via filter on get_the_excerpt --><\/p>","protected":false},"author":1,"featured_media":25993,"parent":0,"menu_order":0,"comment_status":"closed","ping_status":"closed","template":"","meta":{"site-sidebar-layout":"no-sidebar","site-content-layout":"page-builder","ast-site-content-layout":"default","site-content-style":"default","site-sidebar-style":"default","ast-global-header-display":"","ast-banner-title-visibility":"","ast-main-header-display":"","ast-hfb-above-header-display":"","ast-hfb-below-header-display":"","ast-hfb-mobile-header-display":"","site-post-title":"disabled","ast-breadcrumbs-content":"","ast-featured-img":"disabled","footer-sml-layout":"","ast-disable-related-posts":"","theme-transparent-header-meta":"default","adv-header-id-meta":"","stick-header-meta":"","header-above-stick-meta":"","header-main-stick-meta":"","header-below-stick-meta":"","astra-migrate-meta-layouts":"default","ast-page-background-enabled":"default","ast-page-background-meta":{"desktop":{"background-color":"","background-image":"","background-repeat":"repeat","background-position":"center center","background-size":"auto","background-attachment":"scroll","background-type":"","background-media":"","overlay-type":"","overlay-color":"","overlay-opacity":"","overlay-gradient":""},"tablet":{"background-color":"","background-image":"","background-repeat":"repeat","background-position":"center center","background-size":"auto","background-attachment":"scroll","background-type":"","background-media":"","overlay-type":"","overlay-color":"","overlay-opacity":"","overlay-gradient":""},"mobile":{"background-color":"","background-image":"","background-repeat":"repeat","background-position":"center center","background-size":"auto","background-attachment":"scroll","background-type":"","background-media":"","overlay-type":"","overlay-color":"","overlay-opacity":"","overlay-gradient":""}},"ast-content-background-meta":{"desktop":{"background-color":"var(--ast-global-color-5)","background-image":"","background-repeat":"repeat","background-position":"center center","background-size":"auto","background-attachment":"scroll","background-type":"","background-media":"","overlay-type":"","overlay-color":"","overlay-opacity":"","overlay-gradient":""},"tablet":{"background-color":"var(--ast-global-color-5)","background-image":"","background-repeat":"repeat","background-position":"center center","background-size":"auto","background-attachment":"scroll","background-type":"","background-media":"","overlay-type":"","overlay-color":"","overlay-opacity":"","overlay-gradient":""},"mobile":{"background-color":"var(--ast-global-color-5)","background-image":"","background-repeat":"repeat","background-position":"center center","background-size":"auto","background-attachment":"scroll","background-type":"","background-media":"","overlay-type":"","overlay-color":"","overlay-opacity":"","overlay-gradient":""}},"footnotes":""},"class_list":["post-9","page","type-page","status-publish","has-post-thumbnail","hentry"],"_links":{"self":[{"href":"https:\/\/alexrahirant.co\/en\/wp-json\/wp\/v2\/pages\/9","targetHints":{"allow":["GET"]}}],"collection":[{"href":"https:\/\/alexrahirant.co\/en\/wp-json\/wp\/v2\/pages"}],"about":[{"href":"https:\/\/alexrahirant.co\/en\/wp-json\/wp\/v2\/types\/page"}],"author":[{"embeddable":true,"href":"https:\/\/alexrahirant.co\/en\/wp-json\/wp\/v2\/users\/1"}],"replies":[{"embeddable":true,"href":"https:\/\/alexrahirant.co\/en\/wp-json\/wp\/v2\/comments?post=9"}],"version-history":[{"count":0,"href":"https:\/\/alexrahirant.co\/en\/wp-json\/wp\/v2\/pages\/9\/revisions"}],"wp:featuredmedia":[{"embeddable":true,"href":"https:\/\/alexrahirant.co\/en\/wp-json\/wp\/v2\/media\/25993"}],"wp:attachment":[{"href":"https:\/\/alexrahirant.co\/en\/wp-json\/wp\/v2\/media?parent=9"}],"curies":[{"name":"wp","href":"https:\/\/api.w.org\/{rel}","templated":true}]}}